{"id":265,"date":"2021-08-16T12:55:17","date_gmt":"2021-08-16T10:55:17","guid":{"rendered":"https:\/\/oroandoro.co\/?post_type=product&#038;p=265"},"modified":"2026-03-16T14:27:30","modified_gmt":"2026-03-16T13:27:30","slug":"cool-nikkel","status":"publish","type":"product","link":"https:\/\/oroandoro.co\/de\/product\/cool-nikkel\/","title":{"rendered":"KALT"},"content":{"rendered":"<p>Der Cool-Griff passt nicht nur \u00fcberall hin, er f\u00fcgt auch einen Hauch von Charakter hinzu, den Sie nicht ignorieren k\u00f6nnen. Dadurch passt er Ihre T\u00fcr sofort zu Ihrem Einrichtungsstil und beeindruckt jeden, der durch ihn geht.<\/p>","protected":false},"excerpt":{"rendered":"<p>Der Cool-Griff passt nicht nur \u00fcberall hin, er f\u00fcgt auch einen Hauch von Charakter hinzu, den Sie nicht ignorieren k\u00f6nnen. Dadurch passt er Ihre T\u00fcr sofort zu Ihrem Einrichtungsstil und beeindruckt jeden, der durch ihn geht.<\/p>","protected":false},"featured_media":384,"template":"","meta":{"_acf_changed":false},"product_brand":[],"product_cat":[34],"product_tag":[],"kleur":[28],"class_list":{"0":"post-265","1":"product","2":"type-product","3":"status-publish","4":"has-post-thumbnail","6":"product_cat-klinken-deurbeslag","7":"kleur-nikkel","9":"first","10":"instock","11":"purchasable","12":"product-type-variable","13":"has-default-attributes"},"acf":[],"_links":{"self":[{"href":"https:\/\/oroandoro.co\/de\/wp-json\/wp\/v2\/product\/265","targetHints":{"allow":["GET"]}}],"collection":[{"href":"https:\/\/oroandoro.co\/de\/wp-json\/wp\/v2\/product"}],"about":[{"href":"https:\/\/oroandoro.co\/de\/wp-json\/wp\/v2\/types\/product"}],"wp:featuredmedia":[{"embeddable":true,"href":"https:\/\/oroandoro.co\/de\/wp-json\/wp\/v2\/media\/384"}],"wp:attachment":[{"href":"https:\/\/oroandoro.co\/de\/wp-json\/wp\/v2\/media?parent=265"}],"wp:term":[{"taxonomy":"product_brand","embeddable":true,"href":"https:\/\/oroandoro.co\/de\/wp-json\/wp\/v2\/product_brand?post=265"},{"taxonomy":"product_cat","embeddable":true,"href":"https:\/\/oroandoro.co\/de\/wp-json\/wp\/v2\/product_cat?post=265"},{"taxonomy":"product_tag","embeddable":true,"href":"https:\/\/oroandoro.co\/de\/wp-json\/wp\/v2\/product_tag?post=265"},{"taxonomy":"kleur","embeddable":true,"href":"https:\/\/oroandoro.co\/de\/wp-json\/wp\/v2\/kleur?post=265"}],"curies":[{"name":"wp","href":"https:\/\/api.w.org\/{rel}","templated":true}]}}