{"id":2574,"date":"2023-01-20T10:16:10","date_gmt":"2023-01-20T09:16:10","guid":{"rendered":"https:\/\/oroandoro.co\/?post_type=product&#038;p=2574"},"modified":"2026-03-16T14:27:21","modified_gmt":"2026-03-16T13:27:21","slug":"cilinder-rosas-mat-zwart-oro-oro-15e","status":"publish","type":"product","link":"https:\/\/oroandoro.co\/de\/product\/cilinder-rosas-mat-zwart-oro-oro-15e\/","title":{"rendered":"ZYLINDER ROSAS MATT SCHWARZ ORO &amp; ORO \u2013 15E"},"content":{"rendered":"<p>Diese Zylinderrosetten passen zu den quadratischen T\u00fcrgriffen Typ Unica, Quattro\u2026<\/p>\n<p>Inklusive praktischer Schablone f\u00fcr perfekte Platzierung.<\/p>\n<p>Preis ist pro Paar (2 St\u00fcck)<\/p>","protected":false},"excerpt":{"rendered":"<p>Diese Zylinderrosette passt zu den quadratischen T\u00fcrgriffen vom Typ Unica, Quattro... Praktische Schablone f\u00fcr die perfekte Platzierung im Lieferumfang enthalten. Preis gilt pro Paar (2 St\u00fcck)<\/p>","protected":false},"featured_media":2550,"template":"","meta":{"_acf_changed":false},"product_brand":[],"product_cat":[257],"product_tag":[259],"kleur":[32],"class_list":{"0":"post-2574","1":"product","2":"type-product","3":"status-publish","4":"has-post-thumbnail","6":"product_cat-rosassen","7":"product_tag-exclfeed","8":"kleur-zwart","10":"first","11":"instock","12":"taxable","13":"shipping-taxable","14":"purchasable","15":"product-type-simple"},"acf":[],"_links":{"self":[{"href":"https:\/\/oroandoro.co\/de\/wp-json\/wp\/v2\/product\/2574","targetHints":{"allow":["GET"]}}],"collection":[{"href":"https:\/\/oroandoro.co\/de\/wp-json\/wp\/v2\/product"}],"about":[{"href":"https:\/\/oroandoro.co\/de\/wp-json\/wp\/v2\/types\/product"}],"wp:featuredmedia":[{"embeddable":true,"href":"https:\/\/oroandoro.co\/de\/wp-json\/wp\/v2\/media\/2550"}],"wp:attachment":[{"href":"https:\/\/oroandoro.co\/de\/wp-json\/wp\/v2\/media?parent=2574"}],"wp:term":[{"taxonomy":"product_brand","embeddable":true,"href":"https:\/\/oroandoro.co\/de\/wp-json\/wp\/v2\/product_brand?post=2574"},{"taxonomy":"product_cat","embeddable":true,"href":"https:\/\/oroandoro.co\/de\/wp-json\/wp\/v2\/product_cat?post=2574"},{"taxonomy":"product_tag","embeddable":true,"href":"https:\/\/oroandoro.co\/de\/wp-json\/wp\/v2\/product_tag?post=2574"},{"taxonomy":"kleur","embeddable":true,"href":"https:\/\/oroandoro.co\/de\/wp-json\/wp\/v2\/kleur?post=2574"}],"curies":[{"name":"wp","href":"https:\/\/api.w.org\/{rel}","templated":true}]}}