{"id":2568,"date":"2023-01-20T09:38:53","date_gmt":"2023-01-20T08:38:53","guid":{"rendered":"https:\/\/oroandoro.co\/?post_type=product&#038;p=2568"},"modified":"2026-03-16T14:27:23","modified_gmt":"2026-03-16T13:27:23","slug":"sleutel-rosas-mat-zwart-oro-oro-24e","status":"publish","type":"product","link":"https:\/\/oroandoro.co\/de\/product\/sleutel-rosas-mat-zwart-oro-oro-24e\/","title":{"rendered":"SCHL\u00dcSSELROSAS MATTSCHWARZ ORO &amp; ORO \u2013 24E"},"content":{"rendered":"<p>Diese Schl\u00fcsselrosette passt zum ACE oder OIA und spiegelt die klaren horizontalen Linien des Schlosses wider.<\/p>\n<p>Inklusive praktischer Schablone f\u00fcr perfekte Platzierung.<\/p>\n<p>Preis ist pro Paar (2 St\u00fcck)<\/p>","protected":false},"excerpt":{"rendered":"<p>Diese Schl\u00fcsselrosette passt zum ACE oder OIA und spiegelt die klaren horizontalen Linien des Schlosses wider. Praktische Vorlage f\u00fcr die perfekte Platzierung im Lieferumfang enthalten. Preis gilt pro Paar (2 St\u00fcck)<\/p>","protected":false},"featured_media":2641,"template":"","meta":{"_acf_changed":false},"product_brand":[],"product_cat":[257],"product_tag":[259],"kleur":[32],"class_list":{"0":"post-2568","1":"product","2":"type-product","3":"status-publish","4":"has-post-thumbnail","6":"product_cat-rosassen","7":"product_tag-exclfeed","8":"kleur-zwart","10":"first","11":"instock","12":"taxable","13":"shipping-taxable","14":"purchasable","15":"product-type-simple"},"acf":[],"_links":{"self":[{"href":"https:\/\/oroandoro.co\/de\/wp-json\/wp\/v2\/product\/2568","targetHints":{"allow":["GET"]}}],"collection":[{"href":"https:\/\/oroandoro.co\/de\/wp-json\/wp\/v2\/product"}],"about":[{"href":"https:\/\/oroandoro.co\/de\/wp-json\/wp\/v2\/types\/product"}],"wp:featuredmedia":[{"embeddable":true,"href":"https:\/\/oroandoro.co\/de\/wp-json\/wp\/v2\/media\/2641"}],"wp:attachment":[{"href":"https:\/\/oroandoro.co\/de\/wp-json\/wp\/v2\/media?parent=2568"}],"wp:term":[{"taxonomy":"product_brand","embeddable":true,"href":"https:\/\/oroandoro.co\/de\/wp-json\/wp\/v2\/product_brand?post=2568"},{"taxonomy":"product_cat","embeddable":true,"href":"https:\/\/oroandoro.co\/de\/wp-json\/wp\/v2\/product_cat?post=2568"},{"taxonomy":"product_tag","embeddable":true,"href":"https:\/\/oroandoro.co\/de\/wp-json\/wp\/v2\/product_tag?post=2568"},{"taxonomy":"kleur","embeddable":true,"href":"https:\/\/oroandoro.co\/de\/wp-json\/wp\/v2\/kleur?post=2568"}],"curies":[{"name":"wp","href":"https:\/\/api.w.org\/{rel}","templated":true}]}}