{"id":241,"date":"2021-08-16T12:54:27","date_gmt":"2021-08-16T10:54:27","guid":{"rendered":"https:\/\/oroandoro.co\/?post_type=product&#038;p=241"},"modified":"2026-03-16T14:27:29","modified_gmt":"2026-03-16T13:27:29","slug":"fapa-nikkel","status":"publish","type":"product","link":"https:\/\/oroandoro.co\/de\/product\/fapa-nikkel\/","title":{"rendered":"FAPA"},"content":{"rendered":"<p>Die Fapa ist ein Sondermodell, das Elemente des modernen Designs und des Art-Deco vereint.<\/p>\n<p>Das Ergebnis ist ein Griff, der an jeder T\u00fcr gl\u00e4nzt und neue Ma\u00dfst\u00e4be in Sachen Sch\u00f6nheit setzt.<\/p>\n<p>Nur noch ein bisschen mehr!<\/p>","protected":false},"excerpt":{"rendered":"<p>Der Fapa ist ein Sondermodell, das Elemente des modernen Designs und des Art Deco vereint. Das Ergebnis ist ein Griff, der an jeder T\u00fcr gl\u00e4nzt und neue Ma\u00dfst\u00e4be in puncto Sch\u00f6nheit setzt. Nur ein bisschen mehr!<\/p>","protected":false},"featured_media":363,"template":"","meta":{"_acf_changed":false},"product_brand":[],"product_cat":[34],"product_tag":[],"kleur":[28],"class_list":{"0":"post-241","1":"product","2":"type-product","3":"status-publish","4":"has-post-thumbnail","6":"product_cat-klinken-deurbeslag","7":"kleur-nikkel","9":"first","10":"instock","11":"purchasable","12":"product-type-variable","13":"has-default-attributes"},"acf":[],"_links":{"self":[{"href":"https:\/\/oroandoro.co\/de\/wp-json\/wp\/v2\/product\/241","targetHints":{"allow":["GET"]}}],"collection":[{"href":"https:\/\/oroandoro.co\/de\/wp-json\/wp\/v2\/product"}],"about":[{"href":"https:\/\/oroandoro.co\/de\/wp-json\/wp\/v2\/types\/product"}],"wp:featuredmedia":[{"embeddable":true,"href":"https:\/\/oroandoro.co\/de\/wp-json\/wp\/v2\/media\/363"}],"wp:attachment":[{"href":"https:\/\/oroandoro.co\/de\/wp-json\/wp\/v2\/media?parent=241"}],"wp:term":[{"taxonomy":"product_brand","embeddable":true,"href":"https:\/\/oroandoro.co\/de\/wp-json\/wp\/v2\/product_brand?post=241"},{"taxonomy":"product_cat","embeddable":true,"href":"https:\/\/oroandoro.co\/de\/wp-json\/wp\/v2\/product_cat?post=241"},{"taxonomy":"product_tag","embeddable":true,"href":"https:\/\/oroandoro.co\/de\/wp-json\/wp\/v2\/product_tag?post=241"},{"taxonomy":"kleur","embeddable":true,"href":"https:\/\/oroandoro.co\/de\/wp-json\/wp\/v2\/kleur?post=241"}],"curies":[{"name":"wp","href":"https:\/\/api.w.org\/{rel}","templated":true}]}}