{"id":239,"date":"2021-08-16T12:54:27","date_gmt":"2021-08-16T10:54:27","guid":{"rendered":"https:\/\/oroandoro.co\/?post_type=product&#038;p=239"},"modified":"2026-03-16T14:27:31","modified_gmt":"2026-03-16T13:27:31","slug":"forma-nikkel","status":"publish","type":"product","link":"https:\/\/oroandoro.co\/de\/product\/forma-nikkel\/","title":{"rendered":"FORMA"},"content":{"rendered":"<p>Weniger ist mehr, das ist die Philosophie, die den Forma-Griff inspiriert. Ein ikonisches und zeitloses Design, das sich spektakul\u00e4r in eine Vielzahl von Stilen einf\u00fcgt, w\u00e4hrend es mit seinem klaren und einfachen Design an jeder T\u00fcr unauff\u00e4llig ist.<\/p>\n<p>Erh\u00e4ltlich mit runder oder quadratischer Rosette.<\/p>","protected":false},"excerpt":{"rendered":"<p>Mit weniger ist mehr, das ist die Philosophie, die den Griff von Forma inspiriert. Ein ikonisches und zeitloses Design, das spektakul\u00e4r in eine Vielzahl von Stilen passt und gleichzeitig mit seinem klaren und einfachen Design an jeder T\u00fcr unauff\u00e4llig wirkt. Erh\u00e4ltlich mit runder oder eckiger Rosette.<\/p>","protected":false},"featured_media":355,"template":"","meta":{"_acf_changed":false},"product_brand":[],"product_cat":[34],"product_tag":[],"kleur":[28],"class_list":{"0":"post-239","1":"product","2":"type-product","3":"status-publish","4":"has-post-thumbnail","6":"product_cat-klinken-deurbeslag","7":"kleur-nikkel","9":"first","10":"instock","11":"purchasable","12":"product-type-variable","13":"has-default-attributes"},"acf":[],"_links":{"self":[{"href":"https:\/\/oroandoro.co\/de\/wp-json\/wp\/v2\/product\/239","targetHints":{"allow":["GET"]}}],"collection":[{"href":"https:\/\/oroandoro.co\/de\/wp-json\/wp\/v2\/product"}],"about":[{"href":"https:\/\/oroandoro.co\/de\/wp-json\/wp\/v2\/types\/product"}],"wp:featuredmedia":[{"embeddable":true,"href":"https:\/\/oroandoro.co\/de\/wp-json\/wp\/v2\/media\/355"}],"wp:attachment":[{"href":"https:\/\/oroandoro.co\/de\/wp-json\/wp\/v2\/media?parent=239"}],"wp:term":[{"taxonomy":"product_brand","embeddable":true,"href":"https:\/\/oroandoro.co\/de\/wp-json\/wp\/v2\/product_brand?post=239"},{"taxonomy":"product_cat","embeddable":true,"href":"https:\/\/oroandoro.co\/de\/wp-json\/wp\/v2\/product_cat?post=239"},{"taxonomy":"product_tag","embeddable":true,"href":"https:\/\/oroandoro.co\/de\/wp-json\/wp\/v2\/product_tag?post=239"},{"taxonomy":"kleur","embeddable":true,"href":"https:\/\/oroandoro.co\/de\/wp-json\/wp\/v2\/kleur?post=239"}],"curies":[{"name":"wp","href":"https:\/\/api.w.org\/{rel}","templated":true}]}}