{"id":224,"date":"2021-08-16T12:54:04","date_gmt":"2021-08-16T10:54:04","guid":{"rendered":"https:\/\/oroandoro.co\/?post_type=product&#038;p=224"},"modified":"2026-03-16T14:27:25","modified_gmt":"2026-03-16T13:27:25","slug":"tecno-zwart","status":"publish","type":"product","link":"https:\/\/oroandoro.co\/de\/product\/tecno-zwart\/","title":{"rendered":"TECNO"},"content":{"rendered":"<p>Tecno ist ein gutes Beispiel f\u00fcr robustes Industriedesign, die Definition ultimativer Eleganz.Es ist ein warmer und raffinierter Griff.<\/p>\n<p>Lassen Sie sich von der Sch\u00f6nheit dieser Kombination und ihrer atemberaubenden Erg\u00e4nzung f\u00fcr jedes Interieur \u00fcberraschen.<\/p>","protected":false},"excerpt":{"rendered":"<p>Tecno ist ein gutes Beispiel f\u00fcr robustes Industriedesign, die Definition ultimativer Eleganz. Es ist ein warmer und raffinierter Griff. Lassen Sie sich von der Sch\u00f6nheit dieser Kombination und ihrer atemberaubenden Erg\u00e4nzung f\u00fcr jedes Interieur \u00fcberraschen.<\/p>","protected":false},"featured_media":345,"template":"","meta":{"_acf_changed":false},"product_brand":[],"product_cat":[34],"product_tag":[],"kleur":[32],"class_list":{"0":"post-224","1":"product","2":"type-product","3":"status-publish","4":"has-post-thumbnail","6":"product_cat-klinken-deurbeslag","7":"kleur-zwart","9":"first","10":"instock","11":"purchasable","12":"product-type-variable","13":"has-default-attributes"},"acf":[],"_links":{"self":[{"href":"https:\/\/oroandoro.co\/de\/wp-json\/wp\/v2\/product\/224","targetHints":{"allow":["GET"]}}],"collection":[{"href":"https:\/\/oroandoro.co\/de\/wp-json\/wp\/v2\/product"}],"about":[{"href":"https:\/\/oroandoro.co\/de\/wp-json\/wp\/v2\/types\/product"}],"wp:featuredmedia":[{"embeddable":true,"href":"https:\/\/oroandoro.co\/de\/wp-json\/wp\/v2\/media\/345"}],"wp:attachment":[{"href":"https:\/\/oroandoro.co\/de\/wp-json\/wp\/v2\/media?parent=224"}],"wp:term":[{"taxonomy":"product_brand","embeddable":true,"href":"https:\/\/oroandoro.co\/de\/wp-json\/wp\/v2\/product_brand?post=224"},{"taxonomy":"product_cat","embeddable":true,"href":"https:\/\/oroandoro.co\/de\/wp-json\/wp\/v2\/product_cat?post=224"},{"taxonomy":"product_tag","embeddable":true,"href":"https:\/\/oroandoro.co\/de\/wp-json\/wp\/v2\/product_tag?post=224"},{"taxonomy":"kleur","embeddable":true,"href":"https:\/\/oroandoro.co\/de\/wp-json\/wp\/v2\/kleur?post=224"}],"curies":[{"name":"wp","href":"https:\/\/api.w.org\/{rel}","templated":true}]}}