{"id":212,"date":"2021-08-16T12:53:39","date_gmt":"2021-08-16T10:53:39","guid":{"rendered":"https:\/\/oroandoro.co\/?post_type=product&#038;p=212"},"modified":"2026-03-16T14:27:26","modified_gmt":"2026-03-16T13:27:26","slug":"sofia-zwart","status":"publish","type":"product","link":"https:\/\/oroandoro.co\/de\/product\/sofia-zwart\/","title":{"rendered":"SOFIA"},"content":{"rendered":"<p>Minimalismus vom Feinsten.<\/p>\n<p>Der Sofia-Griff ist ein sch\u00f6nes Beispiel f\u00fcr funktionales Design. Dank seiner bequemen und einfachen Form passt er \u00fcberall perfekt, unabh\u00e4ngig vom Stil Ihrer Einrichtung.<\/p>\n<p>Einer unserer Topper!<\/p>\n<p>&nbsp;<\/p>","protected":false},"excerpt":{"rendered":"<p>Minimalismus vom Feinsten. Der Sofia-Griff ist ein gro\u00dfartiges Beispiel f\u00fcr funktionales Design. Dank seiner bequemen und schlichten Form passt er \u00fcberall perfekt, unabh\u00e4ngig vom Stil Ihrer Einrichtung. Einer unserer Topper! &nbsp;<\/p>","protected":false},"featured_media":2352,"template":"","meta":{"_acf_changed":false},"product_brand":[],"product_cat":[34],"product_tag":[],"kleur":[32],"class_list":{"0":"post-212","1":"product","2":"type-product","3":"status-publish","4":"has-post-thumbnail","6":"product_cat-klinken-deurbeslag","7":"kleur-zwart","9":"first","10":"instock","11":"purchasable","12":"product-type-variable"},"acf":[],"_links":{"self":[{"href":"https:\/\/oroandoro.co\/de\/wp-json\/wp\/v2\/product\/212","targetHints":{"allow":["GET"]}}],"collection":[{"href":"https:\/\/oroandoro.co\/de\/wp-json\/wp\/v2\/product"}],"about":[{"href":"https:\/\/oroandoro.co\/de\/wp-json\/wp\/v2\/types\/product"}],"wp:featuredmedia":[{"embeddable":true,"href":"https:\/\/oroandoro.co\/de\/wp-json\/wp\/v2\/media\/2352"}],"wp:attachment":[{"href":"https:\/\/oroandoro.co\/de\/wp-json\/wp\/v2\/media?parent=212"}],"wp:term":[{"taxonomy":"product_brand","embeddable":true,"href":"https:\/\/oroandoro.co\/de\/wp-json\/wp\/v2\/product_brand?post=212"},{"taxonomy":"product_cat","embeddable":true,"href":"https:\/\/oroandoro.co\/de\/wp-json\/wp\/v2\/product_cat?post=212"},{"taxonomy":"product_tag","embeddable":true,"href":"https:\/\/oroandoro.co\/de\/wp-json\/wp\/v2\/product_tag?post=212"},{"taxonomy":"kleur","embeddable":true,"href":"https:\/\/oroandoro.co\/de\/wp-json\/wp\/v2\/kleur?post=212"}],"curies":[{"name":"wp","href":"https:\/\/api.w.org\/{rel}","templated":true}]}}