{"id":2105,"date":"2022-09-16T09:01:53","date_gmt":"2022-09-16T07:01:53","guid":{"rendered":"https:\/\/oroandoro.co\/?post_type=product&#038;p=2105"},"modified":"2026-03-16T14:27:35","modified_gmt":"2026-03-16T13:27:35","slug":"deurkruk-adria-zwart-23e-enkel-klink","status":"publish","type":"product","link":"https:\/\/oroandoro.co\/de\/product\/deurkruk-adria-zwart-23e-enkel-klink\/","title":{"rendered":"ADRIA"},"content":{"rendered":"<p>Der Adria-Griff hat eine nat\u00fcrliche, frei flie\u00dfende Form, die speziell als Mischung aus Klassik und Raffinesse entworfen wurde und von den Kurven einer Weinrebe inspiriert ist.<\/p>\n<p>Wer mit dem Adria-Griff eine T\u00fcr betritt, wird von einem angenehmen und weichen Griff begr\u00fc\u00dft, der angenehm in der Hand liegt.<\/p>\n<p>Es wurde speziell daf\u00fcr entwickelt <strong>schmale T\u00fcrrahmen<\/strong> passen. Dazu passen perfekt die separat bestellbaren Zylinder- oder WC-Rosetten.<\/p>\n<p>Die Toilettengarnitur kann separat bestellt werden.<\/p>","protected":false},"excerpt":{"rendered":"<p>Het Adria handvat heeft een natuurlijke vrij vloeiende vorm speciaal ontworpen als een mix tussen klassiek en verfijnd, \u00a0ge\u00efnspireerd door de\u00a0rondingen van een wijnstok. Iedereen die een deur binnenkomt met de Adria-handgreep wordt begroet door een comfortabele en zachte grip, een genot om vast te houden. Hij is specifiek ontworpen om op smalle deurframes te [&hellip;]<\/p>\n","protected":false},"featured_media":2200,"template":"","meta":{"_acf_changed":false},"product_brand":[],"product_cat":[34],"product_tag":[],"kleur":[32],"class_list":{"0":"post-2105","1":"product","2":"type-product","3":"status-publish","4":"has-post-thumbnail","6":"product_cat-klinken-deurbeslag","7":"kleur-zwart","9":"first","10":"instock","11":"purchasable","12":"product-type-variable","13":"has-default-attributes"},"acf":[],"_links":{"self":[{"href":"https:\/\/oroandoro.co\/de\/wp-json\/wp\/v2\/product\/2105","targetHints":{"allow":["GET"]}}],"collection":[{"href":"https:\/\/oroandoro.co\/de\/wp-json\/wp\/v2\/product"}],"about":[{"href":"https:\/\/oroandoro.co\/de\/wp-json\/wp\/v2\/types\/product"}],"wp:featuredmedia":[{"embeddable":true,"href":"https:\/\/oroandoro.co\/de\/wp-json\/wp\/v2\/media\/2200"}],"wp:attachment":[{"href":"https:\/\/oroandoro.co\/de\/wp-json\/wp\/v2\/media?parent=2105"}],"wp:term":[{"taxonomy":"product_brand","embeddable":true,"href":"https:\/\/oroandoro.co\/de\/wp-json\/wp\/v2\/product_brand?post=2105"},{"taxonomy":"product_cat","embeddable":true,"href":"https:\/\/oroandoro.co\/de\/wp-json\/wp\/v2\/product_cat?post=2105"},{"taxonomy":"product_tag","embeddable":true,"href":"https:\/\/oroandoro.co\/de\/wp-json\/wp\/v2\/product_tag?post=2105"},{"taxonomy":"kleur","embeddable":true,"href":"https:\/\/oroandoro.co\/de\/wp-json\/wp\/v2\/kleur?post=2105"}],"curies":[{"name":"wp","href":"https:\/\/api.w.org\/{rel}","templated":true}]}}