{"id":2103,"date":"2022-09-16T09:01:53","date_gmt":"2022-09-16T07:01:53","guid":{"rendered":"https:\/\/oroandoro.co\/?post_type=product&#038;p=2103"},"modified":"2026-03-16T14:27:35","modified_gmt":"2026-03-16T13:27:35","slug":"ace-zwart","status":"publish","type":"product","link":"https:\/\/oroandoro.co\/de\/product\/ace-zwart\/","title":{"rendered":"AS"},"content":{"rendered":"<p>Wo Eleganz und Kreativit\u00e4t k\u00fcnstlerisch verschmelzen, wurde der wundersch\u00f6ne ACE-Griff geboren. Es ist eine wahre Freude, diesen ganz besonderen Griff in der Hand zu halten und anzuschauen.<\/p>\n<p>Der ACE wird leicht zur zentralen Attraktion in jedem Raum und ist ein Sch\u00f6nheitsgegenstand, der jede Einrichtung, in der er sich befindet, vervollst\u00e4ndigt.<\/p>\n<p>Bitte beachten Sie, dass dieser Griff ohne Rosen verkauft wird, um dem schlichten Design gerecht zu werden.<\/p>\n<p>Ein Zylinder oder WC-Rosetten k\u00f6nnen zus\u00e4tzlich bestellt werden.<\/p>","protected":false},"excerpt":{"rendered":"<p>Waar elegantie en creativiteit artistiek worden samengevoegd, is het prachtige ACE handvat geboren. Dit zeer speciale handvat is een absoluut genot om in je handpalm te houden en om naar te kijken. De ACE wordt gemakkelijk de centrale attractie \u00a0in elke kamer en is een item van schoonheid die elk decor waarin het zich bevindt [&hellip;]<\/p>\n","protected":false},"featured_media":2132,"template":"","meta":{"_acf_changed":false},"product_brand":[],"product_cat":[34],"product_tag":[],"kleur":[32],"class_list":{"0":"post-2103","1":"product","2":"type-product","3":"status-publish","4":"has-post-thumbnail","6":"product_cat-klinken-deurbeslag","7":"kleur-zwart","9":"first","10":"instock","11":"purchasable","12":"product-type-variable","13":"has-default-attributes"},"acf":[],"_links":{"self":[{"href":"https:\/\/oroandoro.co\/de\/wp-json\/wp\/v2\/product\/2103","targetHints":{"allow":["GET"]}}],"collection":[{"href":"https:\/\/oroandoro.co\/de\/wp-json\/wp\/v2\/product"}],"about":[{"href":"https:\/\/oroandoro.co\/de\/wp-json\/wp\/v2\/types\/product"}],"wp:featuredmedia":[{"embeddable":true,"href":"https:\/\/oroandoro.co\/de\/wp-json\/wp\/v2\/media\/2132"}],"wp:attachment":[{"href":"https:\/\/oroandoro.co\/de\/wp-json\/wp\/v2\/media?parent=2103"}],"wp:term":[{"taxonomy":"product_brand","embeddable":true,"href":"https:\/\/oroandoro.co\/de\/wp-json\/wp\/v2\/product_brand?post=2103"},{"taxonomy":"product_cat","embeddable":true,"href":"https:\/\/oroandoro.co\/de\/wp-json\/wp\/v2\/product_cat?post=2103"},{"taxonomy":"product_tag","embeddable":true,"href":"https:\/\/oroandoro.co\/de\/wp-json\/wp\/v2\/product_tag?post=2103"},{"taxonomy":"kleur","embeddable":true,"href":"https:\/\/oroandoro.co\/de\/wp-json\/wp\/v2\/kleur?post=2103"}],"curies":[{"name":"wp","href":"https:\/\/api.w.org\/{rel}","templated":true}]}}