{"id":209,"date":"2021-08-16T12:53:39","date_gmt":"2021-08-16T10:53:39","guid":{"rendered":"https:\/\/oroandoro.co\/?post_type=product&#038;p=209"},"modified":"2026-03-16T14:27:31","modified_gmt":"2026-03-16T13:27:31","slug":"isabella-nikkel","status":"publish","type":"product","link":"https:\/\/oroandoro.co\/de\/product\/isabella-nikkel\/","title":{"rendered":"ISABELLA"},"content":{"rendered":"<p>Inspiriert vom eleganten, geschwungenen Design exklusiver Yachten an der italienischen K\u00fcste, ist Isabella ein Modell, das diejenigen mit einem Auge f\u00fcr Details und Einfachheit erfreuen wird.<\/p>\n<p>Das angenehme Handgef\u00fchl von Isabella ist eine Hommage an die perfekte Harmonie, die Yachten erreichen, wenn sie sich mitten in den Wellen des Ozeans befinden.<\/p>","protected":false},"excerpt":{"rendered":"<p>Inspiriert vom eleganten, geschwungenen Design exklusiver Yachten an der italienischen K\u00fcste, ist Isabella ein Modell, das diejenigen mit einem Auge f\u00fcr Details und Einfachheit erfreuen wird. Das angenehme Handgef\u00fchl von Isabella ist eine Hommage an die perfekte Harmonie, die Yachten erreichen, wenn sie sich im Griff der Meereswellen befinden.<\/p>","protected":false},"featured_media":324,"template":"","meta":{"_acf_changed":false},"product_brand":[],"product_cat":[34],"product_tag":[],"kleur":[28],"class_list":{"0":"post-209","1":"product","2":"type-product","3":"status-publish","4":"has-post-thumbnail","6":"product_cat-klinken-deurbeslag","7":"kleur-nikkel","9":"first","10":"instock","11":"purchasable","12":"product-type-variable","13":"has-default-attributes"},"acf":[],"_links":{"self":[{"href":"https:\/\/oroandoro.co\/de\/wp-json\/wp\/v2\/product\/209","targetHints":{"allow":["GET"]}}],"collection":[{"href":"https:\/\/oroandoro.co\/de\/wp-json\/wp\/v2\/product"}],"about":[{"href":"https:\/\/oroandoro.co\/de\/wp-json\/wp\/v2\/types\/product"}],"wp:featuredmedia":[{"embeddable":true,"href":"https:\/\/oroandoro.co\/de\/wp-json\/wp\/v2\/media\/324"}],"wp:attachment":[{"href":"https:\/\/oroandoro.co\/de\/wp-json\/wp\/v2\/media?parent=209"}],"wp:term":[{"taxonomy":"product_brand","embeddable":true,"href":"https:\/\/oroandoro.co\/de\/wp-json\/wp\/v2\/product_brand?post=209"},{"taxonomy":"product_cat","embeddable":true,"href":"https:\/\/oroandoro.co\/de\/wp-json\/wp\/v2\/product_cat?post=209"},{"taxonomy":"product_tag","embeddable":true,"href":"https:\/\/oroandoro.co\/de\/wp-json\/wp\/v2\/product_tag?post=209"},{"taxonomy":"kleur","embeddable":true,"href":"https:\/\/oroandoro.co\/de\/wp-json\/wp\/v2\/kleur?post=209"}],"curies":[{"name":"wp","href":"https:\/\/api.w.org\/{rel}","templated":true}]}}