{"id":197,"date":"2021-08-16T12:53:16","date_gmt":"2021-08-16T10:53:16","guid":{"rendered":"https:\/\/oroandoro.co\/?post_type=product&#038;p=197"},"modified":"2026-03-16T14:27:27","modified_gmt":"2026-03-16T13:27:27","slug":"quattro-zwart","status":"publish","type":"product","link":"https:\/\/oroandoro.co\/de\/product\/quattro-zwart\/","title":{"rendered":"QUATTRO"},"content":{"rendered":"<p>Wo Einfachheit und Zweckm\u00e4\u00dfigkeit sich kreuzen, wurde der Quattro-Griff geboren. Der Quattro nimmt das \u00fcbliche Griffdesign und kombiniert das Anmutige mit einem modernen industriellen Touch, der sowohl bequem zu halten ist als auch allen Stilen und Raumdesigns ein gem\u00fctliches Gef\u00fchl verleiht.<\/p>\n<p>Zeitlos und passt immer in Ihr Interieur!<\/p>","protected":false},"excerpt":{"rendered":"<p>Wo sich Einfachheit und Zweckm\u00e4\u00dfigkeit kreuzen, wurde der Quattro-Griff geboren. Der Quattro \u00fcbernimmt das \u00fcbliche Griffdesign und kombiniert das Verzierte mit einem modernen, industriellen Touch, der sowohl angenehm in der Hand liegt als auch allen Stilen und Raumdesigns einen gem\u00fctlichen Look verleiht. Zeitlos und passt immer in Ihr Interieur!<\/p>","protected":false},"featured_media":321,"template":"","meta":{"_acf_changed":false},"product_brand":[],"product_cat":[34],"product_tag":[],"kleur":[32],"class_list":{"0":"post-197","1":"product","2":"type-product","3":"status-publish","4":"has-post-thumbnail","6":"product_cat-klinken-deurbeslag","7":"kleur-zwart","9":"first","10":"instock","11":"purchasable","12":"product-type-variable","13":"has-default-attributes"},"acf":[],"_links":{"self":[{"href":"https:\/\/oroandoro.co\/de\/wp-json\/wp\/v2\/product\/197","targetHints":{"allow":["GET"]}}],"collection":[{"href":"https:\/\/oroandoro.co\/de\/wp-json\/wp\/v2\/product"}],"about":[{"href":"https:\/\/oroandoro.co\/de\/wp-json\/wp\/v2\/types\/product"}],"wp:featuredmedia":[{"embeddable":true,"href":"https:\/\/oroandoro.co\/de\/wp-json\/wp\/v2\/media\/321"}],"wp:attachment":[{"href":"https:\/\/oroandoro.co\/de\/wp-json\/wp\/v2\/media?parent=197"}],"wp:term":[{"taxonomy":"product_brand","embeddable":true,"href":"https:\/\/oroandoro.co\/de\/wp-json\/wp\/v2\/product_brand?post=197"},{"taxonomy":"product_cat","embeddable":true,"href":"https:\/\/oroandoro.co\/de\/wp-json\/wp\/v2\/product_cat?post=197"},{"taxonomy":"product_tag","embeddable":true,"href":"https:\/\/oroandoro.co\/de\/wp-json\/wp\/v2\/product_tag?post=197"},{"taxonomy":"kleur","embeddable":true,"href":"https:\/\/oroandoro.co\/de\/wp-json\/wp\/v2\/kleur?post=197"}],"curies":[{"name":"wp","href":"https:\/\/api.w.org\/{rel}","templated":true}]}}