{"id":194,"date":"2021-08-16T12:53:15","date_gmt":"2021-08-16T10:53:15","guid":{"rendered":"https:\/\/oroandoro.co\/?post_type=product&#038;p=194"},"modified":"2026-03-16T14:27:26","modified_gmt":"2026-03-16T13:27:26","slug":"ombra-zwart","status":"publish","type":"product","link":"https:\/\/oroandoro.co\/de\/product\/ombra-zwart\/","title":{"rendered":"OMBRA"},"content":{"rendered":"<p>W\u00fcrde man sich die Elemente eines Raumes als Schmuck vorstellen, w\u00e4re der Griff Ombra das absolute Kronjuwel.<\/p>\n<p>Ein wundersch\u00f6nes Werk zeitgen\u00f6ssischen Designs, das sowohl angenehm f\u00fcr die Hand ist als auch eine perfekte Erg\u00e4nzung, die den modernen Look jedes Interieurs vervollst\u00e4ndigt und jedem Eingangsbereich ein frisches und lebendiges Aussehen verleiht.<\/p>\n<p>Auch in edlem Titan erh\u00e4ltlich.<\/p>","protected":false},"excerpt":{"rendered":"<p>Als men de elementen van een kamer als sieraden zou beschouwen, dan zou de Ombra handgreep het absolute kroonjuweel zijn. Een prachtig werk van modern design, zowel rustgevend in de hand als een perfecte aanvulling die de moderne look van elk interieur voltooit en elke ingang een frisse en levendige uitstraling geeft. Ook verkrijgbaar in [&hellip;]<\/p>\n","protected":false},"featured_media":2328,"template":"","meta":{"_acf_changed":false},"product_brand":[],"product_cat":[34],"product_tag":[],"kleur":[32],"class_list":{"0":"post-194","1":"product","2":"type-product","3":"status-publish","4":"has-post-thumbnail","6":"product_cat-klinken-deurbeslag","7":"kleur-zwart","9":"first","10":"instock","11":"purchasable","12":"product-type-variable","13":"has-default-attributes"},"acf":[],"_links":{"self":[{"href":"https:\/\/oroandoro.co\/de\/wp-json\/wp\/v2\/product\/194","targetHints":{"allow":["GET"]}}],"collection":[{"href":"https:\/\/oroandoro.co\/de\/wp-json\/wp\/v2\/product"}],"about":[{"href":"https:\/\/oroandoro.co\/de\/wp-json\/wp\/v2\/types\/product"}],"wp:featuredmedia":[{"embeddable":true,"href":"https:\/\/oroandoro.co\/de\/wp-json\/wp\/v2\/media\/2328"}],"wp:attachment":[{"href":"https:\/\/oroandoro.co\/de\/wp-json\/wp\/v2\/media?parent=194"}],"wp:term":[{"taxonomy":"product_brand","embeddable":true,"href":"https:\/\/oroandoro.co\/de\/wp-json\/wp\/v2\/product_brand?post=194"},{"taxonomy":"product_cat","embeddable":true,"href":"https:\/\/oroandoro.co\/de\/wp-json\/wp\/v2\/product_cat?post=194"},{"taxonomy":"product_tag","embeddable":true,"href":"https:\/\/oroandoro.co\/de\/wp-json\/wp\/v2\/product_tag?post=194"},{"taxonomy":"kleur","embeddable":true,"href":"https:\/\/oroandoro.co\/de\/wp-json\/wp\/v2\/kleur?post=194"}],"curies":[{"name":"wp","href":"https:\/\/api.w.org\/{rel}","templated":true}]}}