{"id":193,"date":"2021-08-16T12:53:15","date_gmt":"2021-08-16T10:53:15","guid":{"rendered":"https:\/\/oroandoro.co\/?post_type=product&#038;p=193"},"modified":"2026-03-16T14:27:27","modified_gmt":"2026-03-16T13:27:27","slug":"lupa-titanium","status":"publish","type":"product","link":"https:\/\/oroandoro.co\/de\/product\/lupa-titanium\/","title":{"rendered":"LUPA"},"content":{"rendered":"<p>Die Lupa hat eine nat\u00fcrliche, frei flie\u00dfende Form, die speziell als Mischung aus klassischem und anspruchsvollem Design entworfen wurde und von den Kurven einer Weinrebe inspiriert ist.<\/p>\n<p>Wer mit der Lupa eine T\u00fcr betritt, wird mit einem komfortablen und weichen Griff begr\u00fc\u00dft, der angenehm in der Hand liegt und sich gleichzeitig angenehm wie ein Kunstwerk in die Gestaltung jedes Raumes einf\u00fcgt.<\/p>","protected":false},"excerpt":{"rendered":"<p>De Lupa \u00a0heeft een natuurlijke, vrij vloeiende vorm die speciaal is vormgegeven als een mix tussen een klassiek en verfijnd ontwerp dat is ge\u00efnspireerd op de welvingen van een wijnstok. Iedereen die een deur binnengaat met de Lupa wordt begroet met een comfortabele en zachte grip die prettig is om vast te houden, terwijl het [&hellip;]<\/p>\n","protected":false},"featured_media":304,"template":"","meta":{"_acf_changed":false},"product_brand":[],"product_cat":[34],"product_tag":[],"kleur":[30],"class_list":{"0":"post-193","1":"product","2":"type-product","3":"status-publish","4":"has-post-thumbnail","6":"product_cat-klinken-deurbeslag","7":"kleur-titanium","9":"first","10":"instock","11":"purchasable","12":"product-type-variable","13":"has-default-attributes"},"acf":[],"_links":{"self":[{"href":"https:\/\/oroandoro.co\/de\/wp-json\/wp\/v2\/product\/193","targetHints":{"allow":["GET"]}}],"collection":[{"href":"https:\/\/oroandoro.co\/de\/wp-json\/wp\/v2\/product"}],"about":[{"href":"https:\/\/oroandoro.co\/de\/wp-json\/wp\/v2\/types\/product"}],"wp:featuredmedia":[{"embeddable":true,"href":"https:\/\/oroandoro.co\/de\/wp-json\/wp\/v2\/media\/304"}],"wp:attachment":[{"href":"https:\/\/oroandoro.co\/de\/wp-json\/wp\/v2\/media?parent=193"}],"wp:term":[{"taxonomy":"product_brand","embeddable":true,"href":"https:\/\/oroandoro.co\/de\/wp-json\/wp\/v2\/product_brand?post=193"},{"taxonomy":"product_cat","embeddable":true,"href":"https:\/\/oroandoro.co\/de\/wp-json\/wp\/v2\/product_cat?post=193"},{"taxonomy":"product_tag","embeddable":true,"href":"https:\/\/oroandoro.co\/de\/wp-json\/wp\/v2\/product_tag?post=193"},{"taxonomy":"kleur","embeddable":true,"href":"https:\/\/oroandoro.co\/de\/wp-json\/wp\/v2\/kleur?post=193"}],"curies":[{"name":"wp","href":"https:\/\/api.w.org\/{rel}","templated":true}]}}