{"id":187,"date":"2021-08-16T12:53:15","date_gmt":"2021-08-16T10:53:15","guid":{"rendered":"https:\/\/oroandoro.co\/?post_type=product&#038;p=187"},"modified":"2026-03-16T14:27:28","modified_gmt":"2026-03-16T13:27:28","slug":"ombra-titanium","status":"publish","type":"product","link":"https:\/\/oroandoro.co\/de\/product\/ombra-titanium\/","title":{"rendered":"OMBRA"},"content":{"rendered":"<p>W\u00fcrde man sich die Elemente eines Raumes als Schmuck vorstellen, w\u00e4re der Griff Ombra das absolute Kronjuwel.<\/p>\n<p>Ein wundersch\u00f6nes Werk zeitgen\u00f6ssischen Designs, das sowohl angenehm f\u00fcr die Hand ist als auch eine perfekte Erg\u00e4nzung, die den modernen Look jedes Interieurs vervollst\u00e4ndigt und jedem Eingangsbereich ein frisches und lebendiges Aussehen verleiht.<\/p>","protected":false},"excerpt":{"rendered":"<p>W\u00fcrde man die Elemente eines Raumes als Schmuck betrachten, w\u00e4re der Ombra-Griff das absolute Kronjuwel. Ein wundersch\u00f6nes Werk mit modernem Design, das sowohl angenehm in der Hand liegt als auch eine perfekte Erg\u00e4nzung ist, die den modernen Look jedes Interieurs vervollst\u00e4ndigt und jedem Eingang ein frisches und lebendiges Aussehen verleiht.<\/p>","protected":false},"featured_media":276,"template":"","meta":{"_acf_changed":false},"product_brand":[],"product_cat":[34],"product_tag":[],"kleur":[30],"class_list":{"0":"post-187","1":"product","2":"type-product","3":"status-publish","4":"has-post-thumbnail","6":"product_cat-klinken-deurbeslag","7":"kleur-titanium","9":"first","10":"instock","11":"purchasable","12":"product-type-variable","13":"has-default-attributes"},"acf":[],"_links":{"self":[{"href":"https:\/\/oroandoro.co\/de\/wp-json\/wp\/v2\/product\/187","targetHints":{"allow":["GET"]}}],"collection":[{"href":"https:\/\/oroandoro.co\/de\/wp-json\/wp\/v2\/product"}],"about":[{"href":"https:\/\/oroandoro.co\/de\/wp-json\/wp\/v2\/types\/product"}],"wp:featuredmedia":[{"embeddable":true,"href":"https:\/\/oroandoro.co\/de\/wp-json\/wp\/v2\/media\/276"}],"wp:attachment":[{"href":"https:\/\/oroandoro.co\/de\/wp-json\/wp\/v2\/media?parent=187"}],"wp:term":[{"taxonomy":"product_brand","embeddable":true,"href":"https:\/\/oroandoro.co\/de\/wp-json\/wp\/v2\/product_brand?post=187"},{"taxonomy":"product_cat","embeddable":true,"href":"https:\/\/oroandoro.co\/de\/wp-json\/wp\/v2\/product_cat?post=187"},{"taxonomy":"product_tag","embeddable":true,"href":"https:\/\/oroandoro.co\/de\/wp-json\/wp\/v2\/product_tag?post=187"},{"taxonomy":"kleur","embeddable":true,"href":"https:\/\/oroandoro.co\/de\/wp-json\/wp\/v2\/kleur?post=187"}],"curies":[{"name":"wp","href":"https:\/\/api.w.org\/{rel}","templated":true}]}}