{"id":184,"date":"2021-08-16T12:53:14","date_gmt":"2021-08-16T10:53:14","guid":{"rendered":"https:\/\/oroandoro.co\/?post_type=product&#038;p=184"},"modified":"2026-03-16T14:27:32","modified_gmt":"2026-03-16T13:27:32","slug":"pisa-nikkel","status":"publish","type":"product","link":"https:\/\/oroandoro.co\/de\/product\/pisa-nikkel\/","title":{"rendered":"PISA"},"content":{"rendered":"<p>Der Pisa-Griff kombiniert auf elegante Weise Retro-Stil mit einem modernen Twist und ist ein perfektes Beispiel daf\u00fcr, wie verschiedene Stile miteinander verschmelzen, um etwas v\u00f6llig Neues und einzigartig Sch\u00f6nes zu schaffen.<\/p>\n<p>Auch in Retro-Zinn erh\u00e4ltlich.<\/p>","protected":false},"excerpt":{"rendered":"<p>Der Pisa-Griff kombiniert elegant Retro-Stil mit einem modernen Touch und ist ein perfektes Beispiel daf\u00fcr, wie verschiedene Stile miteinander vermischt werden, um etwas v\u00f6llig Neues und einzigartig Sch\u00f6nes zu schaffen. Auch in Retro-Zinn erh\u00e4ltlich.<\/p>","protected":false},"featured_media":267,"template":"","meta":{"_acf_changed":false},"product_brand":[],"product_cat":[34],"product_tag":[],"kleur":[28],"class_list":{"0":"post-184","1":"product","2":"type-product","3":"status-publish","4":"has-post-thumbnail","6":"product_cat-klinken-deurbeslag","7":"kleur-nikkel","9":"first","10":"instock","11":"purchasable","12":"product-type-variable","13":"has-default-attributes"},"acf":[],"_links":{"self":[{"href":"https:\/\/oroandoro.co\/de\/wp-json\/wp\/v2\/product\/184","targetHints":{"allow":["GET"]}}],"collection":[{"href":"https:\/\/oroandoro.co\/de\/wp-json\/wp\/v2\/product"}],"about":[{"href":"https:\/\/oroandoro.co\/de\/wp-json\/wp\/v2\/types\/product"}],"wp:featuredmedia":[{"embeddable":true,"href":"https:\/\/oroandoro.co\/de\/wp-json\/wp\/v2\/media\/267"}],"wp:attachment":[{"href":"https:\/\/oroandoro.co\/de\/wp-json\/wp\/v2\/media?parent=184"}],"wp:term":[{"taxonomy":"product_brand","embeddable":true,"href":"https:\/\/oroandoro.co\/de\/wp-json\/wp\/v2\/product_brand?post=184"},{"taxonomy":"product_cat","embeddable":true,"href":"https:\/\/oroandoro.co\/de\/wp-json\/wp\/v2\/product_cat?post=184"},{"taxonomy":"product_tag","embeddable":true,"href":"https:\/\/oroandoro.co\/de\/wp-json\/wp\/v2\/product_tag?post=184"},{"taxonomy":"kleur","embeddable":true,"href":"https:\/\/oroandoro.co\/de\/wp-json\/wp\/v2\/kleur?post=184"}],"curies":[{"name":"wp","href":"https:\/\/api.w.org\/{rel}","templated":true}]}}