{"id":182,"date":"2021-08-16T12:53:14","date_gmt":"2021-08-16T10:53:14","guid":{"rendered":"https:\/\/oroandoro.co\/?post_type=product&#038;p=182"},"modified":"2026-03-16T14:27:26","modified_gmt":"2026-03-16T13:27:26","slug":"kaya-zwart","status":"publish","type":"product","link":"https:\/\/oroandoro.co\/de\/product\/kaya-zwart\/","title":{"rendered":"KAJA"},"content":{"rendered":"<p>Der Griff von Kaya verleiht der Inneneinrichtung nicht nur einen Hauch von Leben, er vermittelt auch ein Gef\u00fchl von Gem\u00fctlichkeit und W\u00e4rme, das wirklich alles zusammenbringt, als w\u00e4re es der letzte Schliff eines K\u00fcnstlers, um die Sch\u00f6nheit eines Raums zu vervollst\u00e4ndigen.<\/p>","protected":false},"excerpt":{"rendered":"<p>Der Griff von Kaya verleiht der Inneneinrichtung nicht nur einen Hauch von Leben, er vermittelt auch ein Gef\u00fchl von Gem\u00fctlichkeit und W\u00e4rme, das wirklich alles zusammenbringt, als w\u00e4re es der letzte Schliff eines K\u00fcnstlers, um die Sch\u00f6nheit eines Raums zu vervollst\u00e4ndigen.<\/p>","protected":false},"featured_media":257,"template":"","meta":{"_acf_changed":false},"product_brand":[],"product_cat":[34],"product_tag":[],"kleur":[32],"class_list":{"0":"post-182","1":"product","2":"type-product","3":"status-publish","4":"has-post-thumbnail","6":"product_cat-klinken-deurbeslag","7":"product_shipping_class-deurbeslag","8":"kleur-zwart","10":"first","11":"instock","12":"purchasable","13":"product-type-variable","14":"has-default-attributes"},"acf":[],"_links":{"self":[{"href":"https:\/\/oroandoro.co\/de\/wp-json\/wp\/v2\/product\/182","targetHints":{"allow":["GET"]}}],"collection":[{"href":"https:\/\/oroandoro.co\/de\/wp-json\/wp\/v2\/product"}],"about":[{"href":"https:\/\/oroandoro.co\/de\/wp-json\/wp\/v2\/types\/product"}],"wp:featuredmedia":[{"embeddable":true,"href":"https:\/\/oroandoro.co\/de\/wp-json\/wp\/v2\/media\/257"}],"wp:attachment":[{"href":"https:\/\/oroandoro.co\/de\/wp-json\/wp\/v2\/media?parent=182"}],"wp:term":[{"taxonomy":"product_brand","embeddable":true,"href":"https:\/\/oroandoro.co\/de\/wp-json\/wp\/v2\/product_brand?post=182"},{"taxonomy":"product_cat","embeddable":true,"href":"https:\/\/oroandoro.co\/de\/wp-json\/wp\/v2\/product_cat?post=182"},{"taxonomy":"product_tag","embeddable":true,"href":"https:\/\/oroandoro.co\/de\/wp-json\/wp\/v2\/product_tag?post=182"},{"taxonomy":"kleur","embeddable":true,"href":"https:\/\/oroandoro.co\/de\/wp-json\/wp\/v2\/kleur?post=182"}],"curies":[{"name":"wp","href":"https:\/\/api.w.org\/{rel}","templated":true}]}}