{"id":177,"date":"2021-08-16T12:53:13","date_gmt":"2021-08-16T10:53:13","guid":{"rendered":"https:\/\/oroandoro.co\/?post_type=product&#038;p=177"},"modified":"2026-03-16T14:27:34","modified_gmt":"2026-03-16T13:27:34","slug":"tancredi-tin","status":"publish","type":"product","link":"https:\/\/oroandoro.co\/de\/product\/tancredi-tin\/","title":{"rendered":"TANCREDIA"},"content":{"rendered":"<p>Die raffinierte Verwendung symmetrischer Formen verleiht dem Tancredi ein unbestreitbar attraktives und k\u00fchnes Aussehen. Es vermittelt ein Gef\u00fchl von raffinierter Sch\u00f6nheit, das jeden in Erstaunen versetzt, der damit eine T\u00fcr betreten will.<\/p>\n<p>Auch in modernem Nickel erh\u00e4ltlich.<\/p>","protected":false},"excerpt":{"rendered":"<p>Die raffinierte Verwendung symmetrischer Formen verleiht dem Tancredi ein unbestreitbar attraktives und k\u00fchnes Aussehen. Es vermittelt ein Gef\u00fchl von raffinierter Sch\u00f6nheit, das jeden in Erstaunen versetzt, der damit eine T\u00fcr betreten will. Auch in modernem Nickel erh\u00e4ltlich.<\/p>","protected":false},"featured_media":235,"template":"","meta":{"_acf_changed":false},"product_brand":[],"product_cat":[34],"product_tag":[],"kleur":[29],"class_list":{"0":"post-177","1":"product","2":"type-product","3":"status-publish","4":"has-post-thumbnail","6":"product_cat-klinken-deurbeslag","7":"kleur-tin","9":"first","10":"instock","11":"purchasable","12":"product-type-variable","13":"has-default-attributes"},"acf":[],"_links":{"self":[{"href":"https:\/\/oroandoro.co\/de\/wp-json\/wp\/v2\/product\/177","targetHints":{"allow":["GET"]}}],"collection":[{"href":"https:\/\/oroandoro.co\/de\/wp-json\/wp\/v2\/product"}],"about":[{"href":"https:\/\/oroandoro.co\/de\/wp-json\/wp\/v2\/types\/product"}],"wp:featuredmedia":[{"embeddable":true,"href":"https:\/\/oroandoro.co\/de\/wp-json\/wp\/v2\/media\/235"}],"wp:attachment":[{"href":"https:\/\/oroandoro.co\/de\/wp-json\/wp\/v2\/media?parent=177"}],"wp:term":[{"taxonomy":"product_brand","embeddable":true,"href":"https:\/\/oroandoro.co\/de\/wp-json\/wp\/v2\/product_brand?post=177"},{"taxonomy":"product_cat","embeddable":true,"href":"https:\/\/oroandoro.co\/de\/wp-json\/wp\/v2\/product_cat?post=177"},{"taxonomy":"product_tag","embeddable":true,"href":"https:\/\/oroandoro.co\/de\/wp-json\/wp\/v2\/product_tag?post=177"},{"taxonomy":"kleur","embeddable":true,"href":"https:\/\/oroandoro.co\/de\/wp-json\/wp\/v2\/kleur?post=177"}],"curies":[{"name":"wp","href":"https:\/\/api.w.org\/{rel}","templated":true}]}}