{"id":173,"date":"2021-08-16T12:53:13","date_gmt":"2021-08-16T10:53:13","guid":{"rendered":"https:\/\/oroandoro.co\/?post_type=product&#038;p=173"},"modified":"2026-03-16T14:27:33","modified_gmt":"2026-03-16T13:27:33","slug":"unica-nikkel","status":"publish","type":"product","link":"https:\/\/oroandoro.co\/de\/product\/unica-nikkel\/","title":{"rendered":"UNIC"},"content":{"rendered":"<p>Wer kann sich vorstellen, dass ein so minimalistischer Griff aus geraden Linien einer T\u00fcr so viel Stil verleihen kann? Unica ist ein reiner Hauch von modernem Design, das \u00fcberall viel Eleganz hinzuf\u00fcgen und den Raum um sich herum mit seinem sch\u00f6nen und einzigartigen Aussehen zum Leben erwecken kann.<\/p>","protected":false},"excerpt":{"rendered":"<p>Wer kann sich vorstellen, dass ein so minimalistischer Griff aus geraden Linien einer T\u00fcr so viel Stil verleihen kann? Unica ist ein reiner Hauch von modernem Design, das \u00fcberall viel Eleganz hinzuf\u00fcgen und den Raum um sich herum mit seinem sch\u00f6nen und einzigartigen Aussehen zum Leben erwecken kann.<\/p>","protected":false},"featured_media":219,"template":"","meta":{"_acf_changed":false},"product_brand":[],"product_cat":[34],"product_tag":[],"kleur":[28],"class_list":{"0":"post-173","1":"product","2":"type-product","3":"status-publish","4":"has-post-thumbnail","6":"product_cat-klinken-deurbeslag","7":"kleur-nikkel","9":"first","10":"instock","11":"purchasable","12":"product-type-variable","13":"has-default-attributes"},"acf":[],"_links":{"self":[{"href":"https:\/\/oroandoro.co\/de\/wp-json\/wp\/v2\/product\/173","targetHints":{"allow":["GET"]}}],"collection":[{"href":"https:\/\/oroandoro.co\/de\/wp-json\/wp\/v2\/product"}],"about":[{"href":"https:\/\/oroandoro.co\/de\/wp-json\/wp\/v2\/types\/product"}],"wp:featuredmedia":[{"embeddable":true,"href":"https:\/\/oroandoro.co\/de\/wp-json\/wp\/v2\/media\/219"}],"wp:attachment":[{"href":"https:\/\/oroandoro.co\/de\/wp-json\/wp\/v2\/media?parent=173"}],"wp:term":[{"taxonomy":"product_brand","embeddable":true,"href":"https:\/\/oroandoro.co\/de\/wp-json\/wp\/v2\/product_brand?post=173"},{"taxonomy":"product_cat","embeddable":true,"href":"https:\/\/oroandoro.co\/de\/wp-json\/wp\/v2\/product_cat?post=173"},{"taxonomy":"product_tag","embeddable":true,"href":"https:\/\/oroandoro.co\/de\/wp-json\/wp\/v2\/product_tag?post=173"},{"taxonomy":"kleur","embeddable":true,"href":"https:\/\/oroandoro.co\/de\/wp-json\/wp\/v2\/kleur?post=173"}],"curies":[{"name":"wp","href":"https:\/\/api.w.org\/{rel}","templated":true}]}}