{"id":987,"date":"2021-09-11T09:36:30","date_gmt":"2021-09-11T07:36:30","guid":{"rendered":"https:\/\/oroandoro.co\/?page_id=987"},"modified":"2022-11-02T10:41:13","modified_gmt":"2022-11-02T09:41:13","slug":"algemene-voorwaarden","status":"publish","type":"page","link":"https:\/\/oroandoro.co\/de\/algemene-voorwaarden\/","title":{"rendered":"Gesch\u00e4ftsbedingungen"},"content":{"rendered":"<div data-elementor-type=\"wp-page\" data-elementor-id=\"987\" class=\"elementor elementor-987\" data-elementor-post-type=\"page\">\n\t\t\t\t\t\t<section class=\"elementor-section elementor-top-section elementor-element elementor-element-8e92f27 elementor-reverse-tablet elementor-reverse-mobile elementor-section-boxed elementor-section-height-default elementor-section-height-default\" data-id=\"8e92f27\" data-element_type=\"section\" data-e-type=\"section\">\n\t\t\t\t\t\t<div class=\"elementor-container elementor-column-gap-default\">\n\t\t\t\t\t<div class=\"elementor-column elementor-col-100 elementor-top-column elementor-element elementor-element-de87f1a\" data-id=\"de87f1a\" data-element_type=\"column\" data-e-type=\"column\">\n\t\t\t<div class=\"elementor-widget-wrap elementor-element-populated\">\n\t\t\t\t\t\t<div data-dce-title-color=\"#000000\" class=\"elementor-element elementor-element-b6ee800 elementor-widget elementor-widget-heading\" data-id=\"b6ee800\" data-element_type=\"widget\" data-e-type=\"widget\" data-widget_type=\"heading.default\">\n\t\t\t\t<div class=\"elementor-widget-container\">\n\t\t\t\t\t<h1 class=\"elementor-heading-title elementor-size-default\">Gesch\u00e4ftsbedingungen<\/h1>\t\t\t\t<\/div>\n\t\t\t\t<\/div>\n\t\t\t\t<div class=\"elementor-element elementor-element-7455304 elementor-widget elementor-widget-text-editor\" data-id=\"7455304\" data-element_type=\"widget\" data-e-type=\"widget\" data-widget_type=\"text-editor.default\">\n\t\t\t\t<div class=\"elementor-widget-container\">\n\t\t\t\t\t\t\t\t\t<p><strong>Allgemeine Gesch\u00e4ftsbedingungen \u2013 September 2022<\/strong><\/p>\n<p><strong>Oroandoro.be<\/strong><\/p>\n<p><strong>Artikel 1 \u2013 GELTUNGSBEREICH<\/strong><\/p>\n<p>Die zugrunde liegenden Allgemeinen Gesch\u00e4ftsbedingungen bilden den Rahmen f\u00fcr alle Gesch\u00e4ftsbeziehungen ab, die sich aus der Bestellung auf der Website ergeben <a href=\"http:\/\/www.deurklinkenstore.be\">www.roandoro.com<\/a>co. Sie haben Vorrang vor allen anderen allgemeinen oder besonderen Bedingungen.<\/p>\n<p><\/p>\n<p><strong>Artikel 2 \u2013 ANNAHME<\/strong><\/p>\n<p>Nutzung der Website <a href=\"http:\/\/www.deurklinkenstore.be\">www.roandoro.com<\/a>co sowie die Abgabe einer Bestellung bedeutet, dass der Kunde die zugrunde liegenden Allgemeinen Gesch\u00e4ftsbedingungen vorbehaltlos und unwiderruflich anerkennt.<\/p>\n<p><\/p>\n<p><strong>Artikel 3 \u2013 Identit\u00e4t des Unternehmers<\/strong><\/p>\n<p>Oroandoro.be, handelnd unter der Umsatzsteuer-Identifikationsnummer 421977417, \u00fcbertragen auf NV LUXMA<\/p>\n<p>Gesch\u00e4ftsadresse: Industriepark 1239, 3545 Halen Belgien.<\/p>\n<p>Telefonnummer ; 013\/44 40 94<\/p>\n<p>Email : <a href=\"mailto:info@deurklinkenstore.be\">info@oroandoro.co<\/a><\/p>\n<p><\/p>\n<p><strong>Artikel 4 \u2013 DEFINITIONEN<\/strong><\/p>\n<p><strong>Dienstleistungen<\/strong>: alle auf dieser Website angebotenen Dienste im Allgemeinen<\/p>\n<p><strong>Kunde<\/strong>: jeder, der durch den Kauf eines Produkts eine Gesch\u00e4ftsbeziehung mit oroandoro.be eingeht. Der Kunde gilt als berechtigt, diesen Kauf zu t\u00e4tigen und als berechtigt, ein Handelsgesch\u00e4ft abzuschlie\u00dfen.<\/p>\n<p><strong>Befehl<\/strong>: jede Bestellung, die ein Kunde gem\u00e4\u00df den in Artikel 5 beschriebenen Bedingungen aufgibt.<\/p>\n<p><\/p>\n<p><strong>Artikel 5 \u2013 BESTELLUNG<\/strong><\/p>\n<p>Sie m\u00fcssen vollj\u00e4hrig sein, um eine Bestellung aufgeben zu k\u00f6nnen <a href=\"http:\/\/www.deurklinkenstore.be\">www.roandoro.com<\/a>Co. Minderj\u00e4hrige oder andere handlungsunf\u00e4hige Personen m\u00fcssen sich durch ihre Eltern oder ihren gesetzlichen Vertreter vertreten lassen, die ebenfalls an unsere Allgemeinen Gesch\u00e4fts- und Verkaufsbedingungen gebunden sind.<\/p>\n<p>Die Produkte im Sinne von Artikel 4 werden \u00fcber die Website zum Verkauf angeboten <a href=\"http:\/\/www.deurklinkenstore.be\">www.roandoro.com<\/a>Co. Ungeachtet etwaiger schriftlicher Nachweise des Kunden wird ausdr\u00fccklich vereinbart, dass nur die im Computersystem von oroandoro.be, seinem \u201eHosting\u201c-Partner oder seinem Internet-Zahlungspartner registrierten Daten einen Beweis f\u00fcr die Kommunikation und den Inhalt der Kommunikation darstellen die Bestellung und alle Transaktionen, die zwischen den Parteien stattgefunden haben. In jedem Fall erh\u00e4lt der Kunde nach dem Kauf eine Best\u00e4tigung seiner Bestellung per E-Mail.<\/p>\n<p><\/p>\n<p><strong>Artikel 6 \u2013 PREISE UND ZAHLUNGSARTEN<\/strong><\/p>\n<p>Die w\u00e4hrend des Kaufvorgangs angegebenen Preise verstehen sich in Euro und enthalten die Mehrwertsteuer und Verwaltungskosten, sofern nicht ausdr\u00fccklich anders angegeben. Die Preise der Produkte und Dienstleistungen beinhalten keine Transportkosten. Diese werden gesondert berechnet.<\/p>\n<p>Oroandoro.be beh\u00e4lt sich das Recht vor, jede Bestellung eines Kunden abzulehnen, mit dem ein Streit anh\u00e4ngig ist oder mit dem in der Vergangenheit ein Streit entstanden ist.<\/p>\n<p>Sie k\u00f6nnen Ihre Bestellung nur online und nur mit einer Kredit- oder Debitkarte (VISA, American Express, Master Card, Bancontact, KBC Online usw.) bezahlen.<\/p>\n<p>Die Belastung des Bankkontos des Kunden erfolgt nach Best\u00e4tigung des Kaufs und die Zahlung wird erst dann wirksam, wenn die Bank des Kunden Oroandoro.be ihre Genehmigung erteilt hat. Sollte die Bank des Kunden die Zahlung verweigern, wird die Bestellung automatisch abgelehnt. Im Falle einer Nichtverf\u00fcgbarkeit der Server beh\u00e4lt sich Oroandoro.be das Recht vor, erneut eine Zahlungsautorisierung zu beantragen<\/p>\n<p>Falls Sie von Ihrem Widerrufsrecht gem\u00e4\u00df Artikel 10 dieser Allgemeinen Gesch\u00e4ftsbedingungen Gebrauch machen, wird Ihre R\u00fcckerstattung auf dieselbe Karte oder dasselbe Konto ausgezahlt, das Sie f\u00fcr die Bestellung verwendet haben.<\/p>\n<p>Der Kunde garantiert, dass er berechtigt ist, Online-Zahlungen mit einer der oben genannten Zahlungsmethoden vorzunehmen, und dass auf dem mit der Kreditkarte, der Bancontact-Karte oder dem PayPal-Konto verkn\u00fcpften Bankkonto eine ausreichende Deckung besteht, um alle durch die Transaktion entstehenden Kosten abzudecken . Die Eingabe vertraulicher Zahlungsdaten auf dieser Website ist dank SSL-Verschl\u00fcsselung (Secure Socket Layer) \u00e4u\u00dferst sicher. Oroandoro.be arbeitet bei der Abwicklung der Online-Zahlung mit Mollie zusammen. Das von Mollie verwendete Sicherheitssystem ist eines der zuverl\u00e4ssigsten und sichersten der Welt.<\/p>\n<p>Oroandoro.be hat keinen Zugriff auf die vertraulichen Zahlungsdaten seiner Kunden. Diese werden daher nicht bei Oroandoro.be gespeichert. Die vertraulichen Zahlungsdaten (Bankkarten, F\u00e4lligkeitstermine, Sicherheitscodes) sind nur der Firma Mollie zug\u00e4nglich. Aus diesem Grund m\u00fcssen wir bei jedem Einkauf erneut die Zahlungsdaten des Kunden abfragen.<\/p>\n<p>Durch Klicken auf die Schaltfl\u00e4che \u201eBezahlen\u201c im Webshop akzeptieren Sie vorbehaltlos unsere Allgemeinen Gesch\u00e4ftsbedingungen und unsere Datenschutzrichtlinie in ihrer zum Zeitpunkt Ihrer Bestellung g\u00fcltigen Fassung.<\/p>\n<p>Die Nichteinhaltung unserer Allgemeinen Gesch\u00e4ftsbedingungen durch den Kunden, insbesondere im Falle von Betrug oder Betrugsversuchen sowie im Falle sonstiger Zahlungsstreitigkeiten, kann unbeschadet etwaiger Sch\u00e4den zur Sperrung des Zugangs zum Webshop f\u00fchren Oroandoro.be k\u00f6nnte Anspruch darauf erheben. Daher beh\u00e4lt sich Oroandoro.be das Recht vor, die Ausf\u00fchrung einer Bestellung eines Kunden abzulehnen, mit dem ein solcher Streit besteht.<\/p>\n<p><\/p>\n<p><strong>Artikel 7 \u2013 VERF\u00dcGBARKEIT<\/strong><\/p>\n<p>Die Produkte sowie die Preise gelten so, wie sie auf der Website Oroandoro.be erscheinen, im Rahmen der Verf\u00fcgbarkeit dieser Produkte. Oroandoro.be ist bestrebt, alle Anstrengungen zu unternehmen, um alle Bestellungen zu liefern.<\/p>\n<p>Dennoch kann Oroandoro.be weder f\u00fcr die Nichtverf\u00fcgbarkeit eines Produkts noch f\u00fcr den daraus resultierenden Schaden haftbar gemacht werden. Sollten ein oder mehrere Produkte einer Bestellung nicht verf\u00fcgbar sein, wird der Kunde per E-Mail oder Telefon dar\u00fcber informiert, dass seine Bestellung ganz oder teilweise storniert wird. Falls die Nichtverf\u00fcgbarkeit zu dem Zeitpunkt festgestellt und mitgeteilt wird, zu dem der Kunde seine Produkte bereits bezahlt hat, wird Oroandoro.be seine Bank unverz\u00fcglich zur R\u00fcckerstattung der gezahlten Betr\u00e4ge auffordern. Hier\u00fcber wird der Kunde per E-Mail informiert. Die Geschwindigkeit, mit der die tats\u00e4chliche R\u00fcckerstattung erfolgt, h\u00e4ngt dann von der Zahlungsmethode ab, die der Kunde f\u00fcr seinen Kauf verwendet hat. Falls der Kauf mit Kreditkarte get\u00e4tigt wurde, wird die R\u00fcckerstattung auf der n\u00e4chsten monatlichen Kreditkartenabrechnung ersichtlich sein. Wenn der Kunde das Gef\u00fchl hat, dass die R\u00fcckerstattung ungew\u00f6hnlich lange dauert, wird dem Kunden empfohlen, sich an seine Bank zu wenden.<\/p>\n<p><\/p>\n<p><strong>Artikel 8 \u2013 LIEFERUNG<\/strong><\/p>\n<p>Die Lieferung der Bestellungen erfolgt an die vom Kunden im Bestellvorgang angegebene Lieferadresse und zu den dort beschriebenen Konditionen. Bestellungen k\u00f6nnen nur an Adressen in Belgien, den Niederlanden, Frankreich oder Luxemburg geliefert werden, mit Ausnahme von Postf\u00e4chern. Oroandoro.be beh\u00e4lt sich das Recht vor, die Bestellung je nach Verf\u00fcgbarkeit der Produkte in eine oder mehrere Lieferungen aufzuteilen. Jede Lieferung wird per E-Mail angek\u00fcndigt, in der der Kunde gebeten wird, seine Rechnung auf der Website Oroandoro.be einzusehen. Auf der Rechnung sind au\u00dferdem die Transportkosten und die Mehrwertsteuer ausgewiesen. Der Lieferung liegt ein Lieferschein bei, auf dem auch die Einzelheiten der gelieferten Ware aufgef\u00fchrt sind. Die Lieferung wird dem Kunden oder einer anderen Person angeboten, die an der Lieferadresse anwesend ist und \u00fcber eine Vollmacht zur Entgegennahme des Pakets verf\u00fcgt. Wenn zum Zeitpunkt der \u00dcbergabe niemand das Paket entgegennehmen kann, hinterl\u00e4sst der Spediteur im Briefkasten eine Nachricht mit dem Namen und den Kontaktdaten des Spediteurs. Der Kunde muss sich dann selbst an den Spediteur wenden, um zu erfahren, wo und wann das Paket vom Kunden abgeholt werden kann. Oroandoro.be sorgt daf\u00fcr, dass die Bestellung in k\u00fcrzester Zeit bearbeitet wird. Oroandoro.be kann unter keinen Umst\u00e4nden f\u00fcr Verz\u00f6gerungen bei der Lieferung der Produkte oder Dienstleistungen oder f\u00fcr daraus resultierende Sch\u00e4den verantwortlich gemacht werden. Oroandoro.be verpflichtet sich, dass die Lieferung sp\u00e4testens 30 Tage nach dem Bestelldatum erfolgt. Das vom Spediteur eingesetzte Kontrollsystem dient als Nachweis f\u00fcr die tats\u00e4chliche Lieferung der Bestellung (und f\u00fcr den ordnungsgem\u00e4\u00dfen Empfang beim Kunden), sofern der Kunde nichts Gegenteiliges beweisen kann. F\u00fcr den Fall, dass ein Kunde innerhalb von 30 Tagen nach dem Bestelldatum nachweist, dass eine Lieferung nicht zugestellt wurde, kann der Kunde die Bestellung ohne Schadenersatz stornieren, sofern er per Einschreiben mit R\u00fcckschein an die Adresse geschickt wird Die in Artikel 3 der zugrunde liegenden Allgemeinen Gesch\u00e4ftsbedingungen genannte Adresse teilt Oroandoro.be mit, dass er seine Bestellung stornieren m\u00f6chte. Wenn ein Produkt nicht innerhalb von 30 Tagen nach dem Bestelldatum an die Lieferadresse geliefert wird, obliegt es dem Kunden, sich innerhalb von 7 Werktagen nach Erhalt der Lieferung an Oroandoro.be zu wenden. Die Kontaktaufnahme muss \u00fcber den Abschnitt \u201eKontakt\u201c auf der Website Oroandoro.be erfolgen und dabei den Anweisungen auf dem Bildschirm folgen. Nach Ablauf der 7 Tage sind Reklamationen und R\u00fccksendungen nicht mehr zul\u00e4ssig. Das Recht, eine zu sp\u00e4t gelieferte Bestellung zur\u00fcckzugeben, besteht insofern, als die Lieferung innerhalb von 14 Tagen, nachdem der Kunde Oroandoro.be dar\u00fcber informiert hat, dass er seinen Kauf stornieren m\u00f6chte, tats\u00e4chlich zur\u00fcckgesendet wird. Das R\u00fcckgabeverfahren wird in Artikel 10 n\u00e4her erl\u00e4utert.<\/p>\n<p><\/p>\n<p><strong>Artikel 9 \u2013 NICHTKONFORMIT\u00c4T<\/strong><\/p>\n<p>Alle auf der Website Oroandoro.be zum Verkauf angebotenen Produkte werden nach bestem Wissen und Gewissen und so getreu wie m\u00f6glich beschrieben. Dennoch haben die auf der Website gezeigten Fotos keinerlei Vertragswert. Oroandoro.be lehnt jede Verantwortung f\u00fcr Fehler ab, die in den Beschreibungen der Produkte oder Dienstleistungen oder auf den Fotos auftreten k\u00f6nnen. Andererseits verpflichtet sich Oroandoro.be, alle ihm schriftlich mitgeteilten Fehler so schnell wie m\u00f6glich zu beheben. Wenn das gelieferte Produkt nicht den Angaben auf dem Lieferschein entspricht, kann der Kunde das Produkt oder die Dienstleistung innerhalb von 7 Kalendertagen nach Erhalt zur\u00fcckgeben. Nach Ablauf dieser 7 Tage sind Reklamationen und R\u00fccksendungen nicht mehr zul\u00e4ssig. Das R\u00fcckgabeverfahren wird in Artikel 10 n\u00e4her erl\u00e4utert.<\/p>\n<p><\/p>\n<p><strong>Artikel 10 \u2013 Widerrufsrecht, R\u00fcckgabe und R\u00fcckerstattung<\/strong><\/p>\n<p>Gem\u00e4\u00df dem Wirtschaftsgesetzbuch hat der Kunde das Recht, dem Verk\u00e4ufer innerhalb von 14 Tagen nach Lieferung der Ware mitzuteilen, dass er von seinem Kauf zur\u00fccktreten m\u00f6chte, ohne daf\u00fcr eine Entsch\u00e4digung zahlen zu m\u00fcssen und ohne Angabe von Gr\u00fcnden Produkte.<\/p>\n<p>Dieses Widerrufsrecht gilt nicht f\u00fcr gewerbliche K\u00e4ufer.<\/p>\n<p>Wenn ein Kunde Oroandoro.be mitteilen m\u00f6chte, dass er seinen Kauf stornieren m\u00f6chte, muss er dies \u00fcber das Muster-Widerrufsformular auf der Website tun.<\/p>\n<p>Das Widerrufsrecht gilt nur, wenn das Produkt innerhalb von 7 Werktagen, nachdem der Kunde Oroandoro.be dar\u00fcber informiert hat, dass er auf seinen Kauf verzichten m\u00f6chte, tats\u00e4chlich zur\u00fcckgegeben wird. Das zur\u00fcckgegebene Produkt muss im Neuzustand, in der Originalverpackung, in einwandfreiem Zustand und zusammen mit der Rechnung und einem vollst\u00e4ndig ausgef\u00fcllten R\u00fccksendedokument zur\u00fcckgesandt werden. R\u00fccksendungen, deren Absender nicht identifiziert werden kann, werden abgelehnt. Nach Ablauf der 7 Werktage kann Oroandoro.be die R\u00fccksendung nicht mehr annehmen und die R\u00fccksendung wird an den Absender zur\u00fcckgeschickt. Die R\u00fccksendung muss an die in Artikel 3 genannte Adresse erfolgen. Die Kosten f\u00fcr die R\u00fccksendung tr\u00e4gt der Kunde. Die R\u00fcckerstattung erfolgt innerhalb von 7 Tagen ab dem Tag, an dem Oroandoro.be \u00fcber die Entscheidung des Verbrauchers, gem\u00e4\u00df diesem Artikel vom Vertrag zur\u00fcckzutreten, informiert wurde, sofern alle oben beschriebenen Bedingungen strikt erf\u00fcllt sind und Oroandoro.be zur\u00fcckgegeben hat die Ware zur\u00fcckgegeben wurde, oder bis der Verbraucher nachgewiesen hat, dass er die Ware zur\u00fcckgegeben hat. Der zur\u00fcckerstattete Betrag wird in keinem Fall den vom Kunden tats\u00e4chlich gezahlten Betrag \u00fcbersteigen. Sofern beim Kauf ein Gutschein verwendet wurde, wird dieser ebenfalls zur\u00fcckerstattet. Dieser Gutschein kann dann bei einem Folgekauf erneut verwendet werden. Das Widerrufsrecht kann auch nach dem Kauf, jedoch vor dem Versand der Bestellung ausge\u00fcbt werden. In diesem Fall erfolgt die R\u00fcckerstattung innerhalb von 14 Tagen nach dem Tag, an dem Oroandoro.be \u00fcber die Entscheidung des Verbrauchers, gem\u00e4\u00df diesem Artikel vom Vertrag zur\u00fcckzutreten, informiert wird. Oroandoro.be sendet eine E-Mail, wenn es die R\u00fccksendung erhalten hat und seine Bank um eine R\u00fcckerstattung gebeten hat.<\/p>\n<p><\/p>\n<p><strong>Artikel 11 \u2013 GARANTIE<\/strong><\/p>\n<p>Wir garantieren, dass unsere Waren Ihrer Bestellung entsprechen und unter Ber\u00fccksichtigung der Produktspezifikationen Ihren normalen Erwartungen entsprechen. Selbstverst\u00e4ndlich garantieren wir auch, dass die Artikel allen zum Zeitpunkt Ihrer Bestellung geltenden Gesetzen entsprechen. Dar\u00fcber hinaus gilt f\u00fcr die Lieferung von Gegenst\u00e4nden die gesetzliche Mindestgew\u00e4hrleistungsfrist von zwei Jahren, wenn die Ware nicht der Bestellung entspricht. Dies bedeutet, dass bei M\u00e4ngeln oder M\u00e4ngeln der Ware bis zu 2 Jahre nach Lieferung diese Ware kostenlos repariert oder ersetzt wird. Soweit dies m\u00f6glich und zumutbar ist, haben Sie die Wahl zwischen Nachbesserung oder Ersatzlieferung. Nur wenn die Nachbesserung oder Ersatzlieferung unverh\u00e4ltnism\u00e4\u00dfig ist oder unm\u00f6glich ist oder nicht innerhalb einer angemessenen Frist durchgef\u00fchrt werden kann, haben Sie das Recht, eine Preisminderung oder die Aufl\u00f6sung des Kaufvertrags zu verlangen. Zeigt sich der Mangel oder Mangel innerhalb von 6 Monaten nach der Lieferung, so wird davon ausgegangen, dass er bereits vor der Lieferung bestanden hat, sofern wir nicht das Gegenteil beweisen k\u00f6nnen. Nach 6 Monaten m\u00fcssen Sie selbst nachweisen, dass der Mangel bereits zum Zeitpunkt der Lieferung vorhanden war. In jedem Fall gilt die Garantie nicht f\u00fcr Produkte, die vors\u00e4tzlich oder fahrl\u00e4ssig besch\u00e4digt wurden (Bruch, Feuchtigkeit, ungeeignete Temperatur, Rost, Eindringen einer Fl\u00fcssigkeit, \u00dcberspannung, Feuer oder jede andere Form h\u00f6herer Gewalt) und f\u00fcr Produkte, bei denen offensichtlich ist, dass sie ge\u00f6ffnet wurden (Reparatur und\/oder Einstellung durch einen nicht von Oroandoro.be autorisierten Reparaturbetrieb). Ebenso gilt die Garantie nicht, wenn der Schaden durch Abnutzung, Transport, Missbrauch, Wartung mit falschen Produkten und\/oder durch Nichtbeachtung der Anweisungen im Handbuch verursacht wird. F\u00e4llt das Produkt nicht unter einen der oben genannten Ausschl\u00fcsse, muss die Garantie innerhalb von 2 Monaten nach Erhalt des Produkts in Anspruch genommen werden. Nach Ablauf dieser 2 Monate kann die Garantie nicht mehr in Anspruch genommen werden. Die gesetzliche Gew\u00e4hrleistung erstreckt sich auch auf versteckte M\u00e4ngel. Bei allen Fragen zur Garantie k\u00f6nnen Kunden die Website Oroandoro.be besuchen, indem sie auf den Abschnitt \u201eKontakt\u201c klicken.<\/p>\n<p>Die Preise und Tarife auf Oroandoro.be enthalten die Mehrwertsteuer und alle anderen Steuern (\u00c4nderungen dieser Steuern vorbehalten), sofern auf der Website oder in der Best\u00e4tigungs-E-Mail nichts anderes angegeben ist.<\/p>\n<p>Offensichtliche Irrt\u00fcmer in Preisen und\/oder Beschreibungen sowie Irrt\u00fcmer in einem Angebot sind nicht verbindlich. Wenn ein Kunde ein Produkt auf Oroandoro.be kauft, stimmt er den entsprechenden Stornierungs- und Nichterscheinenbedingungen zu.<\/p>\n<p><\/p>\n<p><strong>Artikel 12 \u2013 RECHTE AN GEISTIGEM EIGENTUM<\/strong><\/p>\n<p>Die Texte, die Datenbank mit allen auf der Website ver\u00f6ffentlichten Daten, das Layout und die grafische Gestaltung der Webseiten, der Verkaufskatalog, die Fotos und Bilder auf der Website von Oroandoro.be sind weltweit durch Urheberrechte, Urheberrechte, Markenrechte usw. gesch\u00fctzt alle anderen Formen geistiger Eigentumsrechte. Sie bleiben daher ausschlie\u00dfliches Eigentum von Oroandoro.be. Aus diesem Grund ist jegliches Kopieren, Ver\u00f6ffentlichen, F\u00e4lschen oder jede andere Form der Nutzung, in welcher Form auch immer, ohne vorherige schriftliche Zustimmung von Oroandoro.be verboten. Jeder Versto\u00df dagegen wird von Oroandoro.be strafrechtlich verfolgt.<\/p>\n<p><\/p>\n<p><strong>Artikel 13 \u2013 VERANTWORTUNG<\/strong><\/p>\n<p>Oroandoro.be kann unter keinen Umst\u00e4nden f\u00fcr direkte oder indirekte Sch\u00e4den haftbar gemacht werden, die durch die Verwendung der Produkte gem\u00e4\u00df Artikel 4 entstehen, au\u00dfer im Falle von Vorsatz oder grober Fahrl\u00e4ssigkeit seitens Oroandoro.be. Oroandoro.be kann nicht f\u00fcr Fehler in den Fotos oder Texten verantwortlich gemacht werden, die f\u00fcr die Produktbeschreibungen auf der Website Oroandoro.be verwendet werden. Oroandoro.be lehnt jede Haftung f\u00fcr Sch\u00e4den ab, die durch einen Defekt, eine Fehlfunktion oder einen Missbrauch eines auf der Website Oroandoro.be verkauften Produkts verursacht werden, au\u00dfer im Falle von Vorsatz oder grober Fahrl\u00e4ssigkeit seitens Oroandoro.be. Oroandoro.be kann nicht f\u00fcr die Unf\u00e4higkeit zur Lieferung von Bestellungen im Falle h\u00f6herer Gewalt haftbar gemacht werden, wie z. B. St\u00f6rung oder Streik der Transport-, Post- oder Kommunikationsdienste, \u00dcberschwemmung, Feuer usw. In allen F\u00e4llen, in denen die Verantwortung von Oroandoro.be angesprochen wird Die Haftung von Oroandoro.be beschr\u00e4nkt sich auf den Betrag, den der Kunde tats\u00e4chlich f\u00fcr eine Bestellung bezahlt hat.<\/p>\n<p><strong>Artikel 14 \u2013 STREITIGKEITEN UND ANWENDBARES RECHT<\/strong><\/p>\n<p>Alle Streitigkeiten werden ausschlie\u00dflich von den Gerichten von Hasselt, d. h. dem Friedensrichter des zweiten Kantons, dem Gericht erster Instanz oder dem Handelsgericht, verhandelt, da alle Vereinbarungen als an unserem Sitz geschlossen gelten und m\u00fcssen hingerichtet werden.<\/p>\n<p><strong>Artikel 15 \u2013 \u00c4NDERUNGEN DER ALLGEMEINEN GESCH\u00c4FTSBEDINGUNGEN<\/strong><\/p>\n<p>Oroandoro.be kann die zugrunde liegenden Allgemeinen Gesch\u00e4ftsbedingungen jederzeit \u00e4ndern, unter anderem um gesetzlichen Verpflichtungen nachzukommen.<\/p>\n<p><strong>ARTIKEL 16 \u2013 BESCHWERDEVERFAHREN<\/strong><\/p>\n<p>Kundenzufriedenheit hat f\u00fcr Oroandoro.be oberste Priorit\u00e4t. Im Falle einer Frage oder Beschwerde bitten wir Sie daher, sich stets an unsere Kundendienstmitarbeiter zu wenden. Sie k\u00f6nnen jeden Werktag per E-Mail \u00fcber den Link \u201eKontakt\u201c erreicht werden, der auf jeder Seite der Website verf\u00fcgbar ist. Sie k\u00f6nnen sich auf eine schnelle Antwort verlassen.<\/p>\n<p><\/p>\n<p>Alle Streitigkeiten werden ausschlie\u00dflich von den Gerichten von Hasselt, d. h. dem Friedensrichter des zweiten Kantons, dem Gericht erster Instanz oder dem Handelsgericht, verhandelt, da alle Vereinbarungen als an unserem Sitz geschlossen gelten und m\u00fcssen hingerichtet werden.<\/p>\n<p><\/p>\n<p><strong>ARTIKEL 17 \u2013 DATENSCHUTZRICHTLINIE<\/strong><\/p>\n<p>Siehe Website unter der Rubrik \u201eDatenschutzerkl\u00e4rung\u201c.<\/p>\t\t\t\t\t\t\t\t<\/div>\n\t\t\t\t<\/div>\n\t\t\t\t\t<\/div>\n\t\t<\/div>\n\t\t\t\t\t<\/div>\n\t\t<\/section>\n\t\t\t\t<\/div>","protected":false},"excerpt":{"rendered":"<p>Algemene voorwaarden Algemene Voorwaarden \u2013 September 2022 Oroandoro.be Artikel 1 \u2013 TOEPASSINGS GEBIED De onderliggende Algemene Voorwaarden schetsen het kader voor alle commerci\u00eble relaties die ontstaan door te bestellen op de website www.oroandoro.co. Zij hebben voorrang op alle andere algemene of specifieke voorwaarde. Artikel 2 \u2013 AANVAARDING Het gebruik van de website www.oroandoro.co&nbsp; evenals het [&hellip;]<\/p>\n","protected":false},"author":1,"featured_media":0,"parent":0,"menu_order":0,"comment_status":"closed","ping_status":"closed","template":"elementor_header_footer","meta":{"_acf_changed":false,"footnotes":""},"class_list":["post-987","page","type-page","status-publish","hentry"],"acf":[],"_links":{"self":[{"href":"https:\/\/oroandoro.co\/de\/wp-json\/wp\/v2\/pages\/987","targetHints":{"allow":["GET"]}}],"collection":[{"href":"https:\/\/oroandoro.co\/de\/wp-json\/wp\/v2\/pages"}],"about":[{"href":"https:\/\/oroandoro.co\/de\/wp-json\/wp\/v2\/types\/page"}],"author":[{"embeddable":true,"href":"https:\/\/oroandoro.co\/de\/wp-json\/wp\/v2\/users\/1"}],"replies":[{"embeddable":true,"href":"https:\/\/oroandoro.co\/de\/wp-json\/wp\/v2\/comments?post=987"}],"version-history":[{"count":0,"href":"https:\/\/oroandoro.co\/de\/wp-json\/wp\/v2\/pages\/987\/revisions"}],"wp:attachment":[{"href":"https:\/\/oroandoro.co\/de\/wp-json\/wp\/v2\/media?parent=987"}],"curies":[{"name":"wp","href":"https:\/\/api.w.org\/{rel}","templated":true}]}}