{"id":811,"date":"2021-09-11T09:34:36","date_gmt":"2021-09-11T07:34:36","guid":{"rendered":"https:\/\/oroandoro.co\/?page_id=811"},"modified":"2022-09-20T16:02:51","modified_gmt":"2022-09-20T14:02:51","slug":"terugbetalen_retournering","status":"publish","type":"page","link":"https:\/\/oroandoro.co\/de\/terugbetalen_retournering\/","title":{"rendered":"R\u00fcckerstattungs- und R\u00fcckgaberichtlinien"},"content":{"rendered":"<div data-elementor-type=\"wp-page\" data-elementor-id=\"811\" class=\"elementor elementor-811\" data-elementor-post-type=\"page\">\n\t\t\t\t\t\t<section class=\"elementor-section elementor-top-section elementor-element elementor-element-0918180 elementor-reverse-tablet elementor-reverse-mobile elementor-section-boxed elementor-section-height-default elementor-section-height-default\" data-id=\"0918180\" data-element_type=\"section\" data-e-type=\"section\">\n\t\t\t\t\t\t<div class=\"elementor-container elementor-column-gap-default\">\n\t\t\t\t\t<div class=\"elementor-column elementor-col-100 elementor-top-column elementor-element elementor-element-6f1cfa0\" data-id=\"6f1cfa0\" data-element_type=\"column\" data-e-type=\"column\">\n\t\t\t<div class=\"elementor-widget-wrap elementor-element-populated\">\n\t\t\t\t\t\t<div data-dce-title-color=\"#000000\" class=\"elementor-element elementor-element-7ced3e3 elementor-widget elementor-widget-heading\" data-id=\"7ced3e3\" data-element_type=\"widget\" data-e-type=\"widget\" data-widget_type=\"heading.default\">\n\t\t\t\t<div class=\"elementor-widget-container\">\n\t\t\t\t\t<h1 class=\"elementor-heading-title elementor-size-default\">Versand &amp; R\u00fccksendungen<\/h1>\t\t\t\t<\/div>\n\t\t\t\t<\/div>\n\t\t\t\t<div class=\"elementor-element elementor-element-b3e4694 elementor-widget elementor-widget-text-editor\" data-id=\"b3e4694\" data-element_type=\"widget\" data-e-type=\"widget\" data-widget_type=\"text-editor.default\">\n\t\t\t\t<div class=\"elementor-widget-container\">\n\t\t\t\t\t\t\t\t\t<p><strong><u>Belgien<\/u><\/strong><\/p><p>In Belgien verf\u00fcgen wir \u00fcber ein umfangreiches Netz von Gesch\u00e4ften und Showrooms. Sie k\u00f6nnen direkt zu Ihrem Lieblingsgesch\u00e4ft gehen, aber Sie k\u00f6nnen auch hier Ihre Wahl von Ihrem Platz aus treffen, in den Warenkorb legen und bei der Bestellung Ihr Gesch\u00e4ft in Ihrer N\u00e4he ausw\u00e4hlen. Die Bestellung ist dann in dieser Filiale fertig. Die Abholung und Bezahlung erfolgt vor Ort.<\/p><p>Wenn der Kunde seine Bestellung nicht mehr m\u00f6chte oder sie nicht innerhalb von 2 Wochen nach der Bestellung abholt, wird sie an oroanaoro.be zur\u00fcckgesandt. Diese R\u00fccksendung ist f\u00fcr den Kunden und das Gesch\u00e4ft kostenlos. Als Kunde k\u00f6nnen Sie dies ganz einfach in der Verkaufsstelle oder direkt bei uns \u00fcber das Kontaktformular melden.<\/p><p><strong><u>Niederlande, Luxemburg, Frankreich und Deutschland<\/u><\/strong><\/p><p>Da wir in unseren Nachbarl\u00e4ndern noch kein Filialnetz haben, liefern wir derzeit direkt in die Niederlande, nach Luxemburg, Frankreich und Deutschland. Bitte t\u00e4tigen und bezahlen Sie Ihre Bestellung \u00fcber den Warenkorb. Wir versenden Ihre Bestellung dann.<\/p><p>Sollten Sie mit Ihrem Kauf nicht zufrieden sein, k\u00f6nnen Sie das Produkt innerhalb von 30 Tagen kostenlos zur\u00fccksenden, lediglich die Kosten der R\u00fccksendung tr\u00e4gt der Kunde. Bitte kontaktieren Sie uns immer hier.\u00a0<\/p><p>\u00a0<\/p>\t\t\t\t\t\t\t\t<\/div>\n\t\t\t\t<\/div>\n\t\t\t\t\t<\/div>\n\t\t<\/div>\n\t\t\t\t\t<\/div>\n\t\t<\/section>\n\t\t\t\t<\/div>","protected":false},"excerpt":{"rendered":"<p>Verzending &#038; retour Belgi\u00eb In Belgi\u00eb hebben we uitgebreid netwerk van winkels en toonzalen. U kan direct naar uw favoriete winkel gaan maar u kan ook vanuit uw zetel hier uw keuze maken, deze in het winkelmandje plaatsen en bij bestelling uw winkelpunt bij u in de buurt te kiezen. De bestelling staat vervolgens klaar [&hellip;]<\/p>\n","protected":false},"author":1,"featured_media":0,"parent":0,"menu_order":0,"comment_status":"closed","ping_status":"closed","template":"elementor_header_footer","meta":{"_acf_changed":false,"footnotes":""},"class_list":["post-811","page","type-page","status-publish","hentry"],"acf":[],"_links":{"self":[{"href":"https:\/\/oroandoro.co\/de\/wp-json\/wp\/v2\/pages\/811","targetHints":{"allow":["GET"]}}],"collection":[{"href":"https:\/\/oroandoro.co\/de\/wp-json\/wp\/v2\/pages"}],"about":[{"href":"https:\/\/oroandoro.co\/de\/wp-json\/wp\/v2\/types\/page"}],"author":[{"embeddable":true,"href":"https:\/\/oroandoro.co\/de\/wp-json\/wp\/v2\/users\/1"}],"replies":[{"embeddable":true,"href":"https:\/\/oroandoro.co\/de\/wp-json\/wp\/v2\/comments?post=811"}],"version-history":[{"count":0,"href":"https:\/\/oroandoro.co\/de\/wp-json\/wp\/v2\/pages\/811\/revisions"}],"wp:attachment":[{"href":"https:\/\/oroandoro.co\/de\/wp-json\/wp\/v2\/media?parent=811"}],"curies":[{"name":"wp","href":"https:\/\/api.w.org\/{rel}","templated":true}]}}