{"id":19,"date":"2021-08-11T15:52:53","date_gmt":"2021-08-11T13:52:53","guid":{"rendered":"https:\/\/oroandoro.co\/?page_id=19"},"modified":"2024-05-14T10:58:28","modified_gmt":"2024-05-14T08:58:28","slug":"over-ons","status":"publish","type":"page","link":"https:\/\/oroandoro.co\/de\/over-ons\/","title":{"rendered":"\u00dcber uns"},"content":{"rendered":"<div data-elementor-type=\"wp-page\" data-elementor-id=\"19\" class=\"elementor elementor-19\" data-elementor-post-type=\"page\">\n\t\t\t\t\t\t<section class=\"elementor-section elementor-top-section elementor-element elementor-element-8a455dc elementor-section-boxed elementor-section-height-default elementor-section-height-default\" data-id=\"8a455dc\" data-element_type=\"section\" data-e-type=\"section\">\n\t\t\t\t\t\t<div class=\"elementor-container elementor-column-gap-no\">\n\t\t\t\t\t<div class=\"elementor-column elementor-col-50 elementor-top-column elementor-element elementor-element-d701a91\" data-id=\"d701a91\" data-element_type=\"column\" data-e-type=\"column\">\n\t\t\t<div class=\"elementor-widget-wrap elementor-element-populated\">\n\t\t\t\t\t\t<div class=\"elementor-element elementor-element-d38be0d elementor-widget elementor-widget-image\" data-id=\"d38be0d\" data-element_type=\"widget\" data-e-type=\"widget\" data-widget_type=\"image.default\">\n\t\t\t\t<div class=\"elementor-widget-container\">\n\t\t\t\t\t\t\t\t\t\t\t\t\t\t\t<img fetchpriority=\"high\" decoding=\"async\" width=\"691\" height=\"725\" src=\"https:\/\/oroandoro.co\/wp-content\/uploads\/2024\/05\/lupa.shoot_.2.png\" class=\"attachment-full size-full wp-image-2749\" alt=\"\" srcset=\"https:\/\/oroandoro.co\/wp-content\/uploads\/2024\/05\/lupa.shoot_.2.png 691w, https:\/\/oroandoro.co\/wp-content\/uploads\/2024\/05\/lupa.shoot_.2-286x300.png 286w, https:\/\/oroandoro.co\/wp-content\/uploads\/2024\/05\/lupa.shoot_.2-11x12.png 11w, https:\/\/oroandoro.co\/wp-content\/uploads\/2024\/05\/lupa.shoot_.2-300x315.png 300w, https:\/\/oroandoro.co\/wp-content\/uploads\/2024\/05\/lupa.shoot_.2-600x630.png 600w\" sizes=\"(max-width: 691px) 100vw, 691px\" \/>\t\t\t\t\t\t\t\t\t\t\t\t\t\t\t<\/div>\n\t\t\t\t<\/div>\n\t\t\t\t\t<\/div>\n\t\t<\/div>\n\t\t\t\t<div class=\"elementor-column elementor-col-50 elementor-top-column elementor-element elementor-element-642d8fb\" data-id=\"642d8fb\" data-element_type=\"column\" data-e-type=\"column\">\n\t\t\t<div class=\"elementor-widget-wrap elementor-element-populated\">\n\t\t\t\t\t\t<div class=\"elementor-element elementor-element-55bbab7 elementor-widget elementor-widget-heading\" data-id=\"55bbab7\" data-element_type=\"widget\" data-e-type=\"widget\" data-widget_type=\"heading.default\">\n\t\t\t\t<div class=\"elementor-widget-container\">\n\t\t\t\t\t<h1 class=\"elementor-heading-title elementor-size-default\">Oro&amp;Oro Belgien<\/h1>\t\t\t\t<\/div>\n\t\t\t\t<\/div>\n\t\t\t\t<div class=\"elementor-element elementor-element-73fcecc elementor-widget-divider--view-line elementor-widget elementor-widget-divider\" data-id=\"73fcecc\" data-element_type=\"widget\" data-e-type=\"widget\" data-widget_type=\"divider.default\">\n\t\t\t\t<div class=\"elementor-widget-container\">\n\t\t\t\t\t\t\t<div class=\"elementor-divider\">\n\t\t\t<span class=\"elementor-divider-separator\">\n\t\t\t\t\t\t<\/span>\n\t\t<\/div>\n\t\t\t\t\t\t<\/div>\n\t\t\t\t<\/div>\n\t\t\t\t<div class=\"elementor-element elementor-element-1a36bd2 elementor-widget elementor-widget-text-editor\" data-id=\"1a36bd2\" data-element_type=\"widget\" data-e-type=\"widget\" data-widget_type=\"text-editor.default\">\n\t\t\t\t<div class=\"elementor-widget-container\">\n\t\t\t\t\t\t\t\t\t<p>Willkommen bei \u201eOro &amp; Oro Belgium\u201c, dem exklusiven Importeur f\u00fcr Mitteleuropa von \u201eOro &amp; Oro\u201c.<\/p><p>Von Diest in Belgien halten wir Lagerbest\u00e4nde, um schnell liefern zu k\u00f6nnen.\u00a0<\/p><p><span style=\"text-decoration: underline;\">Belgien<\/span><\/p><p>In Belgien gibt es ein umfangreiches Netzwerk an Gesch\u00e4ften und Ausstellungsr\u00e4umen. Sie k\u00f6nnen direkt zu Ihrem Lieblingsgesch\u00e4ft gehen, aber nat\u00fcrlich auch bequem vom Sofa aus Ihre Wahl treffen, in den Warenkorb legen und sich Ihre Bestellung nach Hause liefern lassen.\u00a0<\/p><p><span style=\"text-decoration: underline;\">Niederlande, Luxemburg, Frankreich und Deutschland<\/span><\/p><p>Da es in unseren Nachbarl\u00e4ndern noch kein Filialnetz gibt, erfolgt die Lieferung immer in die Niederlande, Luxemburg, Frankreich und Deutschland. Bitte geben Sie Ihre Bestellung \u00fcber den Warenkorb auf und bezahlen Sie sie. Wir versenden dann Ihre Bestellung.<\/p><p>\u00a0<\/p><p>Wenn Sie sich f\u00fcr \u201eOro &amp; Oro\u201c entscheiden, entscheiden Sie sich nicht nur f\u00fcr einen T\u00fcrgriff, sondern f\u00fcr Eleganz und Stil.<\/p><p>Worauf wartest du ?<\/p>\t\t\t\t\t\t\t\t<\/div>\n\t\t\t\t<\/div>\n\t\t\t\t\t<\/div>\n\t\t<\/div>\n\t\t\t\t\t<\/div>\n\t\t<\/section>\n\t\t\t\t<section class=\"elementor-section elementor-top-section elementor-element elementor-element-764b13f elementor-section-boxed elementor-section-height-default elementor-section-height-default\" data-id=\"764b13f\" data-element_type=\"section\" data-e-type=\"section\">\n\t\t\t\t\t\t<div class=\"elementor-container elementor-column-gap-no\">\n\t\t\t\t\t<div class=\"elementor-column elementor-col-50 elementor-top-column elementor-element elementor-element-6ff3a95\" data-id=\"6ff3a95\" data-element_type=\"column\" data-e-type=\"column\">\n\t\t\t<div class=\"elementor-widget-wrap elementor-element-populated\">\n\t\t\t\t\t\t<div class=\"elementor-element elementor-element-8db02c0 elementor-widget elementor-widget-heading\" data-id=\"8db02c0\" data-element_type=\"widget\" data-e-type=\"widget\" data-widget_type=\"heading.default\">\n\t\t\t\t<div class=\"elementor-widget-container\">\n\t\t\t\t\t<h1 class=\"elementor-heading-title elementor-size-default\">Qualit\u00e4tsgarantie<\/h1>\t\t\t\t<\/div>\n\t\t\t\t<\/div>\n\t\t\t\t<div class=\"elementor-element elementor-element-ca20e05 elementor-widget-divider--view-line elementor-widget elementor-widget-divider\" data-id=\"ca20e05\" data-element_type=\"widget\" data-e-type=\"widget\" data-widget_type=\"divider.default\">\n\t\t\t\t<div class=\"elementor-widget-container\">\n\t\t\t\t\t\t\t<div class=\"elementor-divider\">\n\t\t\t<span class=\"elementor-divider-separator\">\n\t\t\t\t\t\t<\/span>\n\t\t<\/div>\n\t\t\t\t\t\t<\/div>\n\t\t\t\t<\/div>\n\t\t\t\t<div class=\"elementor-element elementor-element-dcb5afb elementor-widget elementor-widget-text-editor\" data-id=\"dcb5afb\" data-element_type=\"widget\" data-e-type=\"widget\" data-widget_type=\"text-editor.default\">\n\t\t\t\t<div class=\"elementor-widget-container\">\n\t\t\t\t\t\t\t\t\t<p>Wenn Sie einen authentischen ORO &amp; ORO Griff kaufen, kaufen Sie ein einzigartiges Produkt, entwickelt und produziert nach strengen italienischen Standards<\/p><p>Schlie\u00dflich folgt unser Qualit\u00e4tsteam strengen Qualit\u00e4tsstandards.<\/p><p>Unser Inspektionsteam folgt europ\u00e4ischen und italienischen Standards.<\/p><p>Besondere Sorgfalt wird darauf verwendet, jeden Schritt des Produktionsprozesses vom Rohstoffeinkauf bis zur Endverpackung zu \u00fcberpr\u00fcfen<\/p><p>Daher gew\u00e4hren wir 5 Jahre Garantie auf Herstellungsfehler:<\/p><ul><li>\u00d6ffnungs- und Schlie\u00dfmechanismus<\/li><\/ul><p>Wir garantieren den \u00d6ffnungs-\/Schlie\u00dfmechanismus unserer Griffe f\u00fcr mindestens 200.000 \u00d6ffnungs- und Schlie\u00dfbewegungen<\/p><ul><li>Oberfl\u00e4che<\/li><\/ul><p>Wir garantieren, dass die Oberfl\u00e4chenbehandlung mindestens 5 Jahre intakt bleibt *<\/p>\t\t\t\t\t\t\t\t<\/div>\n\t\t\t\t<\/div>\n\t\t\t\t\t<\/div>\n\t\t<\/div>\n\t\t\t\t<div class=\"elementor-column elementor-col-50 elementor-top-column elementor-element elementor-element-22a2cc2\" data-id=\"22a2cc2\" data-element_type=\"column\" data-e-type=\"column\">\n\t\t\t<div class=\"elementor-widget-wrap elementor-element-populated\">\n\t\t\t\t\t\t<div class=\"elementor-element elementor-element-e5a8876 elementor-widget__width-initial elementor-widget elementor-widget-image\" data-id=\"e5a8876\" data-element_type=\"widget\" data-e-type=\"widget\" data-widget_type=\"image.default\">\n\t\t\t\t<div class=\"elementor-widget-container\">\n\t\t\t\t\t\t\t\t\t\t\t\t\t\t\t<img decoding=\"async\" width=\"1224\" height=\"1074\" src=\"https:\/\/oroandoro.co\/wp-content\/uploads\/2024\/05\/diamand.shoot_.1.png\" class=\"attachment-2048x2048 size-2048x2048 wp-image-2748\" alt=\"\" srcset=\"https:\/\/oroandoro.co\/wp-content\/uploads\/2024\/05\/diamand.shoot_.1.png 1224w, https:\/\/oroandoro.co\/wp-content\/uploads\/2024\/05\/diamand.shoot_.1-300x263.png 300w, https:\/\/oroandoro.co\/wp-content\/uploads\/2024\/05\/diamand.shoot_.1-1024x899.png 1024w, https:\/\/oroandoro.co\/wp-content\/uploads\/2024\/05\/diamand.shoot_.1-768x674.png 768w, https:\/\/oroandoro.co\/wp-content\/uploads\/2024\/05\/diamand.shoot_.1-14x12.png 14w, https:\/\/oroandoro.co\/wp-content\/uploads\/2024\/05\/diamand.shoot_.1-600x526.png 600w\" sizes=\"(max-width: 1224px) 100vw, 1224px\" \/>\t\t\t\t\t\t\t\t\t\t\t\t\t\t\t<\/div>\n\t\t\t\t<\/div>\n\t\t\t\t\t<\/div>\n\t\t<\/div>\n\t\t\t\t\t<\/div>\n\t\t<\/section>\n\t\t\t\t<\/div>","protected":false},"excerpt":{"rendered":"<p>Oro&#038;Oro Belgium Welkom bij \u201cOro &amp; Oro Belgium\u201d, de exclusieve invoerder voor centraal Europa van \u201cOro &amp; Oro\u201d. Vanuit Diest in Belgi\u00eb houden wij voorraad aan om steeds snel te kunnen leveren.\u00a0 Belgi\u00eb In Belgi\u00eb bestaat er een uitgebreid netwerk van winkels en toonzalen. U kan direct naar uw favoriete winkel gaan maar u kan [&hellip;]<\/p>\n","protected":false},"author":1,"featured_media":0,"parent":0,"menu_order":0,"comment_status":"closed","ping_status":"closed","template":"elementor_header_footer","meta":{"_acf_changed":false,"footnotes":""},"class_list":["post-19","page","type-page","status-publish","hentry"],"acf":[],"_links":{"self":[{"href":"https:\/\/oroandoro.co\/de\/wp-json\/wp\/v2\/pages\/19","targetHints":{"allow":["GET"]}}],"collection":[{"href":"https:\/\/oroandoro.co\/de\/wp-json\/wp\/v2\/pages"}],"about":[{"href":"https:\/\/oroandoro.co\/de\/wp-json\/wp\/v2\/types\/page"}],"author":[{"embeddable":true,"href":"https:\/\/oroandoro.co\/de\/wp-json\/wp\/v2\/users\/1"}],"replies":[{"embeddable":true,"href":"https:\/\/oroandoro.co\/de\/wp-json\/wp\/v2\/comments?post=19"}],"version-history":[{"count":0,"href":"https:\/\/oroandoro.co\/de\/wp-json\/wp\/v2\/pages\/19\/revisions"}],"wp:attachment":[{"href":"https:\/\/oroandoro.co\/de\/wp-json\/wp\/v2\/media?parent=19"}],"curies":[{"name":"wp","href":"https:\/\/api.w.org\/{rel}","templated":true}]}}