{"id":1787,"date":"2022-09-13T11:54:12","date_gmt":"2022-09-13T09:54:12","guid":{"rendered":"https:\/\/oroandoro.co\/?page_id=1787"},"modified":"2022-09-16T11:26:18","modified_gmt":"2022-09-16T09:26:18","slug":"de-trend-van-zwarte-klinken","status":"publish","type":"page","link":"https:\/\/oroandoro.co\/de\/de-trend-van-zwarte-klinken\/","title":{"rendered":"Der Trend der schwarzen Kl\u00e4nge"},"content":{"rendered":"<div data-elementor-type=\"wp-page\" data-elementor-id=\"1787\" class=\"elementor elementor-1787\" data-elementor-post-type=\"page\">\n\t\t\t\t\t\t<section class=\"elementor-section elementor-top-section elementor-element elementor-element-b628012 elementor-section-boxed elementor-section-height-default elementor-section-height-default\" data-id=\"b628012\" data-element_type=\"section\" data-e-type=\"section\">\n\t\t\t\t\t\t<div class=\"elementor-container elementor-column-gap-default\">\n\t\t\t\t\t<div class=\"elementor-column elementor-col-50 elementor-top-column elementor-element elementor-element-d6920c3\" data-id=\"d6920c3\" data-element_type=\"column\" data-e-type=\"column\">\n\t\t\t<div class=\"elementor-widget-wrap elementor-element-populated\">\n\t\t\t\t\t\t<div class=\"elementor-element elementor-element-1db4035 elementor-widget elementor-widget-text-editor\" data-id=\"1db4035\" data-element_type=\"widget\" data-e-type=\"widget\" data-widget_type=\"text-editor.default\">\n\t\t\t\t<div class=\"elementor-widget-container\">\n\t\t\t\t\t\t\t\t\t<h3><strong><span style=\"text-decoration-line: underline;\">Der Trend der schwarzen Kl\u00e4nge<\/span><\/strong><\/h3><p><em>Die Wahl f\u00fcr schwarze Akzente im Innenraum und schwarze T\u00fcrbeschl\u00e4ge ist klar. 75% von dem, was wir an T\u00fcrbeschl\u00e4gen verkaufen, ist schwarz. Schwarz ist jedoch die dunkelste und h\u00e4rteste Farbe, die wir im Farbarsenal haben. <\/em><\/p><p><em>Was ist dann die Anziehungskraft von Schwarz?<\/em><\/p><p><em>Die Macht von Schwarz ist ganz einfach: <strong>Schwarz ist stilvoll und bietet einen starken Kontrast<\/strong>. <\/em><\/p><p><em>\u00a0<\/em><em><strong><u>Schwarz sorgt f\u00fcr Kontrast<\/u><\/strong><\/em><\/p><p><em>Schwarz spielt derzeit eine wichtige Rolle in einem Interieur, weil es daf\u00fcr sorgt, dass andere Farben gut zur Geltung kommen. Schwarz f\u00fcgt sozusagen eine gewisse Dynamik und Tiefe hinzu. Es zieht an sich keine Aufmerksamkeit auf sich, sorgt aber daf\u00fcr, dass der Rest Ihres Interieurs umso mehr auff\u00e4llt!<\/em><\/p><p><em>\u00a0<\/em><em><strong><u>Zeigen Sie Mut mit Schwarz in Ihrem Interieur<\/u><\/strong><\/em><\/p><p><em>Genau wie bei schwarzer Kleidung verleiht Schwarz einen stilvollen Look. Es steht f\u00fcr mysteri\u00f6s, rebellisch und verleiht Ihrem Zuhause und Ihrer Einrichtung zus\u00e4tzlichen Charakter. <\/em><\/p><p><em>\u00a0<\/em><em><strong><u>Schwarz ist wieder drin<\/u><\/strong><\/em><\/p><p><em>Durch das Aufkommen neuer moderner Wohnstile ist Schwarz wieder voll im Trend. In einem modernen Interieur finden Sie oft Schwarz. Andererseits spielt Schwarz bei einem eher industriellen Wohnstil oft eine Rolle, da es einen Vintage-Akzent setzt. Dadurch passt der harte Charakter von Schwarz wunderbar dazu.<\/em><\/p><p><em><strong><u>Kombination schwarz mit wei\u00df<\/u><\/strong><\/em><\/p><p><em>Die Liebe zu Schwarz und Wei\u00df ist universell und von allen Zeiten.<\/em><\/p><p><em>Wir f\u00fchlen uns oft von Schwarz-Wei\u00df-Kontrasten in einem Interieur angezogen, weil diese Kontraste das Raumgef\u00fchl verst\u00e4rken. Immerhin ist es der gr\u00f6\u00dftm\u00f6gliche Kontrast. Sie ist zeitlos und bildet eine ruhige Basis, auf der jede andere Farbe gut zur Geltung kommen kann. Schauen Sie sich nur an, wie sch\u00f6n dieses ACE-Schwarz zu einer wei\u00dfen T\u00fcr passt. Noch enger ohne unn\u00f6tige Rosas.<\/em><\/p><p>\u00a0<\/p>\t\t\t\t\t\t\t\t<\/div>\n\t\t\t\t<\/div>\n\t\t\t\t\t<\/div>\n\t\t<\/div>\n\t\t\t\t<div class=\"elementor-column elementor-col-50 elementor-top-column elementor-element elementor-element-8d2a23c\" data-id=\"8d2a23c\" data-element_type=\"column\" data-e-type=\"column\">\n\t\t\t<div class=\"elementor-widget-wrap elementor-element-populated\">\n\t\t\t\t\t\t<div class=\"elementor-element elementor-element-ec7a95a elementor-widget elementor-widget-image\" data-id=\"ec7a95a\" data-element_type=\"widget\" data-e-type=\"widget\" data-widget_type=\"image.default\">\n\t\t\t\t<div class=\"elementor-widget-container\">\n\t\t\t\t\t\t\t\t\t\t\t\t\t\t\t<img fetchpriority=\"high\" decoding=\"async\" width=\"724\" height=\"1024\" src=\"https:\/\/oroandoro.co\/wp-content\/uploads\/2022\/09\/123-24E1-724x1024.jpg\" class=\"attachment-large size-large wp-image-1750\" alt=\"\" srcset=\"https:\/\/oroandoro.co\/wp-content\/uploads\/2022\/09\/123-24E1-724x1024.jpg 724w, https:\/\/oroandoro.co\/wp-content\/uploads\/2022\/09\/123-24E1-scaled-300x424.jpg 300w, https:\/\/oroandoro.co\/wp-content\/uploads\/2022\/09\/123-24E1-212x300.jpg 212w, https:\/\/oroandoro.co\/wp-content\/uploads\/2022\/09\/123-24E1-scaled-600x849.jpg 600w, https:\/\/oroandoro.co\/wp-content\/uploads\/2022\/09\/123-24E1-768x1086.jpg 768w, https:\/\/oroandoro.co\/wp-content\/uploads\/2022\/09\/123-24E1-1086x1536.jpg 1086w, https:\/\/oroandoro.co\/wp-content\/uploads\/2022\/09\/123-24E1-1448x2048.jpg 1448w, https:\/\/oroandoro.co\/wp-content\/uploads\/2022\/09\/123-24E1-8x12.jpg 8w, https:\/\/oroandoro.co\/wp-content\/uploads\/2022\/09\/123-24E1-scaled.jpg 1810w\" sizes=\"(max-width: 724px) 100vw, 724px\" \/>\t\t\t\t\t\t\t\t\t\t\t\t\t\t\t<\/div>\n\t\t\t\t<\/div>\n\t\t\t\t\t<\/div>\n\t\t<\/div>\n\t\t\t\t\t<\/div>\n\t\t<\/section>\n\t\t\t\t<section class=\"elementor-section elementor-top-section elementor-element elementor-element-cdc8800 elementor-section-boxed elementor-section-height-default elementor-section-height-default\" data-id=\"cdc8800\" data-element_type=\"section\" data-e-type=\"section\">\n\t\t\t\t\t\t<div class=\"elementor-container elementor-column-gap-default\">\n\t\t\t\t\t<div class=\"elementor-column elementor-col-100 elementor-top-column elementor-element elementor-element-6eb9f1c\" data-id=\"6eb9f1c\" data-element_type=\"column\" data-e-type=\"column\">\n\t\t\t<div class=\"elementor-widget-wrap elementor-element-populated\">\n\t\t\t\t\t\t<div class=\"elementor-element elementor-element-73b2088 elementor-widget__width-initial elementor-widget elementor-widget-video\" data-id=\"73b2088\" data-element_type=\"widget\" data-e-type=\"widget\" data-settings=\"{&quot;video_type&quot;:&quot;hosted&quot;,&quot;autoplay&quot;:&quot;yes&quot;,&quot;mute&quot;:&quot;yes&quot;,&quot;controls&quot;:&quot;yes&quot;}\" data-widget_type=\"video.default\">\n\t\t\t\t<div class=\"elementor-widget-container\">\n\t\t\t\t\t\t\t<div class=\"e-hosted-video elementor-wrapper elementor-open-inline\">\n\t\t\t\t\t<video class=\"elementor-video\" src=\"https:\/\/oroandoro.co\/wp-content\/uploads\/2022\/09\/106-15E-BLACK-PANTHER.mp4\" autoplay=\"\" controls=\"\" muted=\"muted\" controlslist=\"nodownload\"><\/video>\n\t\t\t\t<\/div>\n\t\t\t\t\t\t<\/div>\n\t\t\t\t<\/div>\n\t\t\t\t\t<\/div>\n\t\t<\/div>\n\t\t\t\t\t<\/div>\n\t\t<\/section>\n\t\t\t\t<\/div>","protected":false},"excerpt":{"rendered":"<p>De trend van zwarte klinken De keuze voor zwarte accenten in een interieur \u00e9n zwart deurbeslag is duidelijk. 75% van wat wij verkopen in deurbeslag is zwart. Nochtans, zwart is de meest donkere en harde kleur die we hebben in het kleurenarsenaal. Wat is dan de aantrekkingskracht van zwart ? De kracht van zwart is [&hellip;]<\/p>\n","protected":false},"author":1,"featured_media":0,"parent":0,"menu_order":0,"comment_status":"closed","ping_status":"closed","template":"elementor_header_footer","meta":{"_acf_changed":false,"footnotes":""},"class_list":["post-1787","page","type-page","status-publish","hentry"],"acf":[],"_links":{"self":[{"href":"https:\/\/oroandoro.co\/de\/wp-json\/wp\/v2\/pages\/1787","targetHints":{"allow":["GET"]}}],"collection":[{"href":"https:\/\/oroandoro.co\/de\/wp-json\/wp\/v2\/pages"}],"about":[{"href":"https:\/\/oroandoro.co\/de\/wp-json\/wp\/v2\/types\/page"}],"author":[{"embeddable":true,"href":"https:\/\/oroandoro.co\/de\/wp-json\/wp\/v2\/users\/1"}],"replies":[{"embeddable":true,"href":"https:\/\/oroandoro.co\/de\/wp-json\/wp\/v2\/comments?post=1787"}],"version-history":[{"count":0,"href":"https:\/\/oroandoro.co\/de\/wp-json\/wp\/v2\/pages\/1787\/revisions"}],"wp:attachment":[{"href":"https:\/\/oroandoro.co\/de\/wp-json\/wp\/v2\/media?parent=1787"}],"curies":[{"name":"wp","href":"https:\/\/api.w.org\/{rel}","templated":true}]}}