{"id":1767,"date":"2022-09-13T11:46:29","date_gmt":"2022-09-13T09:46:29","guid":{"rendered":"https:\/\/oroandoro.co\/?page_id=1767"},"modified":"2022-09-16T11:26:49","modified_gmt":"2022-09-16T09:26:49","slug":"waarom-orooro","status":"publish","type":"page","link":"https:\/\/oroandoro.co\/de\/waarom-orooro\/","title":{"rendered":"Warum Oro&amp;Oro"},"content":{"rendered":"<div data-elementor-type=\"wp-page\" data-elementor-id=\"1767\" class=\"elementor elementor-1767\" data-elementor-post-type=\"page\">\n\t\t\t\t\t\t<section class=\"elementor-section elementor-top-section elementor-element elementor-element-aa6ea1d elementor-section-boxed elementor-section-height-default elementor-section-height-default\" data-id=\"aa6ea1d\" data-element_type=\"section\" data-e-type=\"section\">\n\t\t\t\t\t\t<div class=\"elementor-container elementor-column-gap-default\">\n\t\t\t\t\t<div class=\"elementor-column elementor-col-50 elementor-top-column elementor-element elementor-element-e46310b\" data-id=\"e46310b\" data-element_type=\"column\" data-e-type=\"column\">\n\t\t\t<div class=\"elementor-widget-wrap elementor-element-populated\">\n\t\t\t\t\t\t<div class=\"elementor-element elementor-element-b96ab3e elementor-widget elementor-widget-text-editor\" data-id=\"b96ab3e\" data-element_type=\"widget\" data-e-type=\"widget\" data-widget_type=\"text-editor.default\">\n\t\t\t\t<div class=\"elementor-widget-container\">\n\t\t\t\t\t\t\t\t\t<h4><em><strong><u>Willkommen in der Welt von \u201eOro &amp; Oro\u201c<\/u><\/strong><\/em><\/h4><p><em>Eine Welt voller Leidenschaft, Eleganz und Kreativit\u00e4t.<\/em><\/p><p><em>Wir sind ein italienisches Unternehmen, das T\u00fcrgriffe im Herzen von Brescia, Norditalien, entwirft und herstellt.<\/em><\/p><p><em>Wir glauben, dass ein Griff als Symbol f\u00fcr Eleganz hervorstechen sollte,\u00a0<\/em><em>das zu Ihrem Geschmack und Ihrer Wohnkultur passt und ihm einen einzigartigen letzten Schliff verleiht.<\/em><\/p><p><em>Unsere Designs variieren im Stil; von schlicht und minimalistisch \u00fcber ikonische Klassiker bis hin zu geometrischen Modellen und futuristischen Designs.<\/em><\/p><p><em>Wir von \u201eOro &amp; Oro\u201c stehen <\/em><em>\u200b<\/em><em>weist darauf hin, dass jedes Modell seinen eigenen Charakter haben muss, um <\/em><em>\u200b<\/em><em>ihm eine exklusive Identit\u00e4t zu geben.<\/em><\/p><p><em>Um dieses k\u00fcnstlerische Niveau zu erreichen, haben wir in all unseren Kollektionen immer mit sehr talentierten Designern zusammengearbeitet, damit sie es wagen, \u00fcber den Tellerrand hinauszublicken.<\/em><\/p><p><em>Dadurch hat jedes Modell einen klaren Charakter, der f\u00fcr sich spricht.<\/em><\/p><p><em>Unsere Griffe sind mehr als Werkzeuge f\u00fcr a <\/em><em>\u200b<\/em><em>T\u00fcr zu \u00f6ffnen, sie sind Ausdruck von:\u00a0<\/em><strong><em>\u201eStil\u201c, aus \u201eEleganz\u201c und \u201eSch\u00f6nheit\u201c<\/em><\/strong><\/p><p><em>Machen Sie aus Ihrer T\u00fcr mehr als nur einen Eingang, v<\/em><em>Verwandeln Sie es in ein Meisterwerk mit unseren Griffen, die in einer Vielzahl von Ausf\u00fchrungen erh\u00e4ltlich sind.<\/em><\/p><p><em>Wir glauben, dass alles, was wir tun, unseren Stil und unsere Kultur widerspiegelt.<\/em><\/p><p><em>Wenn Sie sich also f\u00fcr \u201eORO &amp; ORO\u201c entscheiden, kaufen Sie nicht nur einen T\u00fcrgriff f\u00fcr Ihre T\u00fcr,<\/em><\/p><p><strong><em>Sie entscheiden sich f\u00fcr Eleganz, Sch\u00f6nheit und Stil\u2026<\/em><\/strong><\/p>\t\t\t\t\t\t\t\t<\/div>\n\t\t\t\t<\/div>\n\t\t\t\t\t<\/div>\n\t\t<\/div>\n\t\t\t\t<div class=\"elementor-column elementor-col-50 elementor-top-column elementor-element elementor-element-c5faa24\" data-id=\"c5faa24\" data-element_type=\"column\" data-e-type=\"column\">\n\t\t\t<div class=\"elementor-widget-wrap elementor-element-populated\">\n\t\t\t\t\t\t<div class=\"elementor-element elementor-element-7326261 elementor-widget elementor-widget-video\" data-id=\"7326261\" data-element_type=\"widget\" data-e-type=\"widget\" data-settings=\"{&quot;video_type&quot;:&quot;hosted&quot;,&quot;autoplay&quot;:&quot;yes&quot;,&quot;mute&quot;:&quot;yes&quot;,&quot;controls&quot;:&quot;yes&quot;}\" data-widget_type=\"video.default\">\n\t\t\t\t<div class=\"elementor-widget-container\">\n\t\t\t\t\t\t\t<div class=\"e-hosted-video elementor-wrapper elementor-open-inline\">\n\t\t\t\t\t<video class=\"elementor-video\" src=\"https:\/\/oroandoro.co\/wp-content\/uploads\/2022\/09\/Young-Girl-LR.mp4\" autoplay=\"\" controls=\"\" muted=\"muted\" controlslist=\"nodownload\"><\/video>\n\t\t\t\t<\/div>\n\t\t\t\t\t\t<\/div>\n\t\t\t\t<\/div>\n\t\t\t\t\t<\/div>\n\t\t<\/div>\n\t\t\t\t\t<\/div>\n\t\t<\/section>\n\t\t\t\t<\/div>","protected":false},"excerpt":{"rendered":"<p>Welkom in de wereld van &#8221;Oro &amp; Oro&#8221; Een wereld van passie, elegantie en creativiteit. Wij zijn een Italiaans bedrijf dat in het hart van Brescia,het noorden van Itali\u00eb,\u00a0 deurklinken ontwerpt en produceert. Wij geloven dat een handvat moet opvallen als een symbool van elegantie,\u00a0dat past bij uw smaak en uw huisinrichting, waardoor het een [&hellip;]<\/p>\n","protected":false},"author":1,"featured_media":0,"parent":0,"menu_order":0,"comment_status":"closed","ping_status":"closed","template":"elementor_header_footer","meta":{"_acf_changed":false,"footnotes":""},"class_list":["post-1767","page","type-page","status-publish","hentry"],"acf":[],"_links":{"self":[{"href":"https:\/\/oroandoro.co\/de\/wp-json\/wp\/v2\/pages\/1767","targetHints":{"allow":["GET"]}}],"collection":[{"href":"https:\/\/oroandoro.co\/de\/wp-json\/wp\/v2\/pages"}],"about":[{"href":"https:\/\/oroandoro.co\/de\/wp-json\/wp\/v2\/types\/page"}],"author":[{"embeddable":true,"href":"https:\/\/oroandoro.co\/de\/wp-json\/wp\/v2\/users\/1"}],"replies":[{"embeddable":true,"href":"https:\/\/oroandoro.co\/de\/wp-json\/wp\/v2\/comments?post=1767"}],"version-history":[{"count":0,"href":"https:\/\/oroandoro.co\/de\/wp-json\/wp\/v2\/pages\/1767\/revisions"}],"wp:attachment":[{"href":"https:\/\/oroandoro.co\/de\/wp-json\/wp\/v2\/media?parent=1767"}],"curies":[{"name":"wp","href":"https:\/\/api.w.org\/{rel}","templated":true}]}}